{"id":42,"date":"2015-07-09T15:22:12","date_gmt":"2015-07-09T13:22:12","guid":{"rendered":"https:\/\/architecturespacehumanoids.wordpress.com\/?page_id=42"},"modified":"2017-07-24T08:15:43","modified_gmt":"2017-07-24T08:15:43","slug":"christoph-hubatschke","status":"publish","type":"page","link":"https:\/\/h-a-u-s.org\/index.php\/team\/christoph-hubatschke\/","title":{"rendered":"Christoph Hubatschke"},"content":{"rendered":"<h3>Biography<\/h3>\n<p>Graduated in philosophy and political science in Vienna. At the moment he is holding a doctoral fellowship at the Austrian Academy of Sciences working as scientific researcher at the Department of Philosophy at the University of Vienna on his dissertation, in which he tries to systemize the philosophy of technology in the work of French philosophers Gilles Deleuze and F\u00e9lix Guattari in the context of current social movements. The working title of the dissertation is: <em>New figures of resistance. Social movements and new technology in the philosophy of Deleuze and Guattari<\/em>.<\/p>\n<p>Publications and presentations in the fields of poststructuralist political theory, the politics and ethics of humanoid robots, theory of democracy, philosophy of technology, social movement studies and Deleuze-Studies.<\/p>\n<h3>Contact<\/h3>\n<p><a href=\"https:\/\/philosophie.univie.ac.at\/mitglieder\/einzelansicht\/?no_cache=1&amp;tx_univiepersonal_pi2[username]=hubatsc4&amp;tx_univiepersonal_pi2[inum]=464&amp;tx_univiepersonal_pi2[backPID]=169234\" target=\"_blank\" rel=\"noopener\">Homepage (list of publications)<\/a><\/p>\n<p><a href=\"http:\/\/www.diebresche.org\/\" target=\"_blank\" rel=\"noopener\">own scientific blog (German)<\/a><\/p>\n<p><a href=\"https:\/\/univie.academia.edu\/ChristophHubatschke\" target=\"_blank\" rel=\"noopener\">Academia.edu<\/a><\/p>\n\n<!-- NOTE: If you need to make changes to this file, copy it to your current theme's main\n\tdirectory so your changes won't be overwritten when the plugin is upgraded. -->\n\n<!-- Post Wrap Start-->\n<div class=\"post hentry ivycat-post\">\n\n\t<!-- \tThis outputs the post TITLE -->\n\t<h2 class=\"entry-title\"><a href=\"https:\/\/h-a-u-s.org\/index.php\/2025\/12\/04\/h-a-u-s-presenting-artistic-approach-professional-development-program-for-artists-creatives-and-cultural-workers\/\">H.A.U.S. presenting artistic approach @ Professional Development Program for Artists, Creatives, and Cultural Workers<\/a><\/h2>\n\n\t<!-- \tThis outputs the post EXCERPT.  To display full content including images and html,\n\t\treplace the_excerpt(); with the_content();  below. -->\n\t<div class=\"entry-summary\">\n\t\t<p>We got invited to contribute with presenting our artistic approach in a lab showing, to \u201cHands-On AI\u201d by \u201cIG Freie Theaterarbeit\u201d (\u201cInterest Group for Independent Performing Arts\u201d). They are offering&hellip;<\/p>\n\t<\/div>\n\n\t<!--\tThis outputs the post META information -->\n\t<div class=\"entry-utility\">\n\t\t\t\t\t<span class=\"cat-links\">\n\t\t\t\t<span class=\"entry-utility-prep entry-utility-prep-cat-links\">Posted in<\/span> <a href=\"https:\/\/h-a-u-s.org\/index.php\/category\/art\/\" rel=\"category tag\">Art<\/a>, <a href=\"https:\/\/h-a-u-s.org\/index.php\/category\/artificial-intelligence\/\" rel=\"category tag\">Artificial Intelligence<\/a>, <a href=\"https:\/\/h-a-u-s.org\/index.php\/category\/christoph-hubatschke\/\" rel=\"category tag\">Christoph Hubatschke<\/a>, <a href=\"https:\/\/h-a-u-s.org\/index.php\/category\/eva-maria-kraft\/\" rel=\"category tag\">Eva-Maria Kraft<\/a>, <a href=\"https:\/\/h-a-u-s.org\/index.php\/category\/florian-decker\/\" rel=\"category tag\">Florian Decker<\/a>, <a href=\"https:\/\/h-a-u-s.org\/index.php\/category\/oliver-schurer\/\" rel=\"category tag\">Oliver Sch\u00fcrer<\/a>\t\t\t<\/span>\n\t\t\t<span class=\"meta-sep\">|<\/span>\n\t\t\t\t\t\t\t<span class=\"tag-links\">\n\t\t\t\t<span class=\"entry-utility-prep entry-utility-prep-tag-links\">Tagged<\/span> <a href=\"https:\/\/h-a-u-s.org\/index.php\/tag\/christoph-hubatschke\/\" rel=\"tag\">Christoph Hubatschke<\/a>, <a href=\"https:\/\/h-a-u-s.org\/index.php\/tag\/eva-maria-kraft\/\" rel=\"tag\">Eva-Maria Kraft<\/a>, <a href=\"https:\/\/h-a-u-s.org\/index.php\/tag\/florian-decker\/\" rel=\"tag\">Florian Decker<\/a>, <a href=\"https:\/\/h-a-u-s.org\/index.php\/tag\/oliver-schurer\/\" rel=\"tag\">Oliver Sch\u00fcrer<\/a>\t\t\t<\/span>\n\t\t\t<span class=\"meta-sep\">|<\/span>\n\t\t\t\t<span class=\"comments-link\">\n\t\t\t<span>Comments Off<span class=\"screen-reader-text\"> on H.A.U.S. presenting artistic approach @ Professional Development Program for Artists, Creatives, and Cultural Workers<\/span><\/span>\t\t<\/span>\n\t\t\t<\/div>\n<\/div>\n<!-- \/\/ Post Wrap End -->\n\n<!-- NOTE: If you need to make changes to this file, copy it to your current theme's main\n\tdirectory so your changes won't be overwritten when the plugin is upgraded. -->\n\n<!-- Post Wrap Start-->\n<div class=\"post hentry ivycat-post\">\n\n\t<!-- \tThis outputs the post TITLE -->\n\t<h2 class=\"entry-title\"><a href=\"https:\/\/h-a-u-s.org\/index.php\/2025\/06\/10\/press-on-h-a-u-s-research-early-summer-25\/\">Newspaper &#8220;Der Standard&#8221; on H.A.U.S.  research, spring 2025<\/a><\/h2>\n\n\t<!-- \tThis outputs the post EXCERPT.  To display full content including images and html,\n\t\treplace the_excerpt(); with the_content();  below. -->\n\t<div class=\"entry-summary\">\n\t\t<p>Newspaper &#8220;Der Standard&#8221;, print 4.6.2025, &#8220;Mit Robotern tanzen&#8221; in &#8220;Forschung Spezial&#8221;. Newspaper &#8220;Der Standard&#8221;, online 10.6.2025 &#8220;Wenn die KI besser Schlagzeug spielt und singt als ein Profi&#8221; in &#8220;Forschung Spezial&hellip;<\/p>\n\t<\/div>\n\n\t<!--\tThis outputs the post META information -->\n\t<div class=\"entry-utility\">\n\t\t\t\t\t<span class=\"cat-links\">\n\t\t\t\t<span class=\"entry-utility-prep entry-utility-prep-cat-links\">Posted in<\/span> <a href=\"https:\/\/h-a-u-s.org\/index.php\/category\/art\/\" rel=\"category tag\">Art<\/a>, <a href=\"https:\/\/h-a-u-s.org\/index.php\/category\/christoph-hubatschke\/\" rel=\"category tag\">Christoph Hubatschke<\/a>, <a href=\"https:\/\/h-a-u-s.org\/index.php\/category\/eva-maria-kraft\/\" rel=\"category tag\">Eva-Maria Kraft<\/a>, <a href=\"https:\/\/h-a-u-s.org\/index.php\/category\/ofai\/\" rel=\"category tag\">OFAI<\/a>, <a href=\"https:\/\/h-a-u-s.org\/index.php\/category\/oliver-schurer\/\" rel=\"category tag\">Oliver Sch\u00fcrer<\/a>, <a href=\"https:\/\/h-a-u-s.org\/index.php\/category\/publications\/\" rel=\"category tag\">Publications<\/a>, <a href=\"https:\/\/h-a-u-s.org\/index.php\/category\/publikationen\/\" rel=\"category tag\">Publikationen<\/a>\t\t\t<\/span>\n\t\t\t<span class=\"meta-sep\">|<\/span>\n\t\t\t\t\t\t\t<span class=\"tag-links\">\n\t\t\t\t<span class=\"entry-utility-prep entry-utility-prep-tag-links\">Tagged<\/span> <a href=\"https:\/\/h-a-u-s.org\/index.php\/tag\/christoph-hubatschke\/\" rel=\"tag\">Christoph Hubatschke<\/a>, <a href=\"https:\/\/h-a-u-s.org\/index.php\/tag\/eva-maria-kraft\/\" rel=\"tag\">Eva-Maria Kraft<\/a>, <a href=\"https:\/\/h-a-u-s.org\/index.php\/tag\/oliver-schurer\/\" rel=\"tag\">Oliver Sch\u00fcrer<\/a>\t\t\t<\/span>\n\t\t\t<span class=\"meta-sep\">|<\/span>\n\t\t\t\t<span class=\"comments-link\">\n\t\t\t<span>Comments Off<span class=\"screen-reader-text\"> on Newspaper &#8220;Der Standard&#8221; on H.A.U.S.  research, spring 2025<\/span><\/span>\t\t<\/span>\n\t\t\t<\/div>\n<\/div>\n<!-- \/\/ Post Wrap End -->\n\n<!-- NOTE: If you need to make changes to this file, copy it to your current theme's main\n\tdirectory so your changes won't be overwritten when the plugin is upgraded. -->\n\n<!-- Post Wrap Start-->\n<div class=\"post hentry ivycat-post\">\n\n\t<!-- \tThis outputs the post TITLE -->\n\t<h2 class=\"entry-title\"><a href=\"https:\/\/h-a-u-s.org\/index.php\/2025\/01\/08\/upcoming-this-ai-invites-you-to-dance-a-presentation-discussion-of-our-research-and-the-youai-book-pandora\/\">&#8220;This AI invites you to dance&#8221; a Presentation\/discussion of our research method and the youAI book @ Pandora | Homo Digitalis<\/a><\/h2>\n\n\t<!-- \tThis outputs the post EXCERPT.  To display full content including images and html,\n\t\treplace the_excerpt(); with the_content();  below. -->\n\t<div class=\"entry-summary\">\n\t\t<p>(german language event) am 15.01.2025 ab 19h c.t. im Kulturcaf\u00e9 Max, Mariengasse 1, 1170 Wien. Pandora announces: \u201eEine KI bittet zum Tanz \u2013 Menschen und Roboter improvisieren\u201c.&nbsp; Wir begr\u00fc\u00dfen diesmal&hellip;<\/p>\n\t<\/div>\n\n\t<!--\tThis outputs the post META information -->\n\t<div class=\"entry-utility\">\n\t\t\t\t\t<span class=\"cat-links\">\n\t\t\t\t<span class=\"entry-utility-prep entry-utility-prep-cat-links\">Posted in<\/span> <a href=\"https:\/\/h-a-u-s.org\/index.php\/category\/artarchitecture\/\" rel=\"category tag\">Art&amp;Architecture<\/a>, <a href=\"https:\/\/h-a-u-s.org\/index.php\/category\/artificial-intelligence\/\" rel=\"category tag\">Artificial Intelligence<\/a>, <a href=\"https:\/\/h-a-u-s.org\/index.php\/category\/christoph-hubatschke\/\" rel=\"category tag\">Christoph Hubatschke<\/a>, <a href=\"https:\/\/h-a-u-s.org\/index.php\/category\/eva-maria-kraft\/\" rel=\"category tag\">Eva-Maria Kraft<\/a>, <a href=\"https:\/\/h-a-u-s.org\/index.php\/category\/oliver-schurer\/\" rel=\"category tag\">Oliver Sch\u00fcrer<\/a>\t\t\t<\/span>\n\t\t\t<span class=\"meta-sep\">|<\/span>\n\t\t\t\t\t\t\t<span class=\"tag-links\">\n\t\t\t\t<span class=\"entry-utility-prep entry-utility-prep-tag-links\">Tagged<\/span> <a href=\"https:\/\/h-a-u-s.org\/index.php\/tag\/christoph-hubatschke\/\" rel=\"tag\">Christoph Hubatschke<\/a>, <a href=\"https:\/\/h-a-u-s.org\/index.php\/tag\/eva-maria-kraft\/\" rel=\"tag\">Eva-Maria Kraft<\/a>, <a href=\"https:\/\/h-a-u-s.org\/index.php\/tag\/oliver-schurer\/\" rel=\"tag\">Oliver Sch\u00fcrer<\/a>\t\t\t<\/span>\n\t\t\t<span class=\"meta-sep\">|<\/span>\n\t\t\t\t<span class=\"comments-link\">\n\t\t\t<span>Comments Off<span class=\"screen-reader-text\"> on &#8220;This AI invites you to dance&#8221; a Presentation\/discussion of our research method and the youAI book @ Pandora | Homo Digitalis<\/span><\/span>\t\t<\/span>\n\t\t\t<\/div>\n<\/div>\n<!-- \/\/ Post Wrap End -->\n\n<!-- NOTE: If you need to make changes to this file, copy it to your current theme's main\n\tdirectory so your changes won't be overwritten when the plugin is upgraded. -->\n\n<!-- Post Wrap Start-->\n<div class=\"post hentry ivycat-post\">\n\n\t<!-- \tThis outputs the post TITLE -->\n\t<h2 class=\"entry-title\"><a href=\"https:\/\/h-a-u-s.org\/index.php\/2024\/05\/24\/buchprasentation-von-youai-train-adapt-perform-apero-musette-imagine-kunstliche-intelligenz-und-das-mogliche\/\">Buchpr\u00e4sentation von &#8220;youAI: train, adapt, perform&#8221; @ apero musette &#8211; \u201eImagine &#8230; K\u00fcnstliche Intelligenz und das M\u00f6gliche\u201c<\/a><\/h2>\n\n\t<!-- \tThis outputs the post EXCERPT.  To display full content including images and html,\n\t\treplace the_excerpt(); with the_content();  below. -->\n\t<div class=\"entry-summary\">\n\t\t<p>apero musette steht f\u00fcr Essen von feinen franz\u00f6sischen Kleinigkeiten und dazu feine Getr\u00e4nke schl\u00fcrfen.&nbsp; Apero &amp; Buchpr\u00e4sentation 20.6.2024, 18-20h @ Musette, Westbahnstra\u00dfe 50, 1070 Wien.(Eintritt frei, u.A.w.g. musette@musetteshop.com)&nbsp; Die Buchpr\u00e4sentation&hellip;<\/p>\n\t<\/div>\n\n\t<!--\tThis outputs the post META information -->\n\t<div class=\"entry-utility\">\n\t\t\t\t\t<span class=\"cat-links\">\n\t\t\t\t<span class=\"entry-utility-prep entry-utility-prep-cat-links\">Posted in<\/span> <a href=\"https:\/\/h-a-u-s.org\/index.php\/category\/artarchitecture\/\" rel=\"category tag\">Art&amp;Architecture<\/a>, <a href=\"https:\/\/h-a-u-s.org\/index.php\/category\/artificial-intelligence\/\" rel=\"category tag\">Artificial Intelligence<\/a>, <a href=\"https:\/\/h-a-u-s.org\/index.php\/category\/brigitte-krenn-ofai\/\" rel=\"category tag\">Brigitte Krenn (OFAI)<\/a>, <a href=\"https:\/\/h-a-u-s.org\/index.php\/category\/christoph-hubatschke\/\" rel=\"category tag\">Christoph Hubatschke<\/a>, <a href=\"https:\/\/h-a-u-s.org\/index.php\/category\/eva-maria-kraft\/\" rel=\"category tag\">Eva-Maria Kraft<\/a>, <a href=\"https:\/\/h-a-u-s.org\/index.php\/category\/sridhar-bulusu\/\" rel=\"category tag\">Sridhar Bulusu<\/a>\t\t\t<\/span>\n\t\t\t<span class=\"meta-sep\">|<\/span>\n\t\t\t\t\t\t\t<span class=\"tag-links\">\n\t\t\t\t<span class=\"entry-utility-prep entry-utility-prep-tag-links\">Tagged<\/span> <a href=\"https:\/\/h-a-u-s.org\/index.php\/tag\/christoph-hubatschke\/\" rel=\"tag\">Christoph Hubatschke<\/a>, <a href=\"https:\/\/h-a-u-s.org\/index.php\/tag\/eva-maria-kraft\/\" rel=\"tag\">Eva-Maria Kraft<\/a>, <a href=\"https:\/\/h-a-u-s.org\/index.php\/tag\/oliver-schurer\/\" rel=\"tag\">Oliver Sch\u00fcrer<\/a>\t\t\t<\/span>\n\t\t\t<span class=\"meta-sep\">|<\/span>\n\t\t\t\t<span class=\"comments-link\">\n\t\t\t<span>Comments Off<span class=\"screen-reader-text\"> on Buchpr\u00e4sentation von &#8220;youAI: train, adapt, perform&#8221; @ apero musette &#8211; \u201eImagine &#8230; K\u00fcnstliche Intelligenz und das M\u00f6gliche\u201c<\/span><\/span>\t\t<\/span>\n\t\t\t<\/div>\n<\/div>\n<!-- \/\/ Post Wrap End -->\n\n<!-- NOTE: If you need to make changes to this file, copy it to your current theme's main\n\tdirectory so your changes won't be overwritten when the plugin is upgraded. -->\n\n<!-- Post Wrap Start-->\n<div class=\"post hentry ivycat-post\">\n\n\t<!-- \tThis outputs the post TITLE -->\n\t<h2 class=\"entry-title\"><a href=\"https:\/\/h-a-u-s.org\/index.php\/2024\/05\/19\/presenting-our-research-on-the-dancr-tool-and-its-ais-at-the-faculty-of-dance-music-and-arts-university-of-vienna-muk\/\">Presenting our arts-based research &amp; development of our DANCR-tool  and our AI&#8217;s, @ the Faculty of Dance at MUK (Music, and Arts University of Vienna)<\/a><\/h2>\n\n\t<!-- \tThis outputs the post EXCERPT.  To display full content including images and html,\n\t\treplace the_excerpt(); with the_content();  below. -->\n\t<div class=\"entry-summary\">\n\t\t<p>We are happy and honored to have the opportunity to present and discuss our DANCR-tool with the stage artists from MUK! DANCR-tool is a critique of AI development through the&hellip;<\/p>\n\t<\/div>\n\n\t<!--\tThis outputs the post META information -->\n\t<div class=\"entry-utility\">\n\t\t\t\t\t<span class=\"cat-links\">\n\t\t\t\t<span class=\"entry-utility-prep entry-utility-prep-cat-links\">Posted in<\/span> <a href=\"https:\/\/h-a-u-s.org\/index.php\/category\/artarchitecture\/\" rel=\"category tag\">Art&amp;Architecture<\/a>, <a href=\"https:\/\/h-a-u-s.org\/index.php\/category\/artificial-intelligence\/\" rel=\"category tag\">Artificial Intelligence<\/a>, <a href=\"https:\/\/h-a-u-s.org\/index.php\/category\/christoph-hubatschke\/\" rel=\"category tag\">Christoph Hubatschke<\/a>, <a href=\"https:\/\/h-a-u-s.org\/index.php\/category\/clara-haider\/\" rel=\"category tag\">Clara Haider<\/a>, <a href=\"https:\/\/h-a-u-s.org\/index.php\/category\/eva-maria-kraft\/\" rel=\"category tag\">Eva-Maria Kraft<\/a>, <a href=\"https:\/\/h-a-u-s.org\/index.php\/category\/oliver-schurer\/\" rel=\"category tag\">Oliver Sch\u00fcrer<\/a>, <a href=\"https:\/\/h-a-u-s.org\/index.php\/category\/publications\/\" rel=\"category tag\">Publications<\/a>\t\t\t<\/span>\n\t\t\t<span class=\"meta-sep\">|<\/span>\n\t\t\t\t\t\t\t<span class=\"tag-links\">\n\t\t\t\t<span class=\"entry-utility-prep entry-utility-prep-tag-links\">Tagged<\/span> <a href=\"https:\/\/h-a-u-s.org\/index.php\/tag\/christoph-hubatschke\/\" rel=\"tag\">Christoph Hubatschke<\/a>, <a href=\"https:\/\/h-a-u-s.org\/index.php\/tag\/clara-haider\/\" rel=\"tag\">Clara Haider<\/a>, <a href=\"https:\/\/h-a-u-s.org\/index.php\/tag\/eva-maria-kraft\/\" rel=\"tag\">Eva-Maria Kraft<\/a>, <a href=\"https:\/\/h-a-u-s.org\/index.php\/tag\/oliver-schurer\/\" rel=\"tag\">Oliver Sch\u00fcrer<\/a>\t\t\t<\/span>\n\t\t\t<span class=\"meta-sep\">|<\/span>\n\t\t\t\t<span class=\"comments-link\">\n\t\t\t<span>Comments Off<span class=\"screen-reader-text\"> on Presenting our arts-based research &amp; development of our DANCR-tool  and our AI&#8217;s, @ the Faculty of Dance at MUK (Music, and Arts University of Vienna)<\/span><\/span>\t\t<\/span>\n\t\t\t<\/div>\n<\/div>\n<!-- \/\/ Post Wrap End -->\n\n<!-- NOTE: If you need to make changes to this file, copy it to your current theme's main\n\tdirectory so your changes won't be overwritten when the plugin is upgraded. -->\n\n<!-- Post Wrap Start-->\n<div class=\"post hentry ivycat-post\">\n\n\t<!-- \tThis outputs the post TITLE -->\n\t<h2 class=\"entry-title\"><a href=\"https:\/\/h-a-u-s.org\/index.php\/2024\/04\/28\/youai-i3-02-a-performance-to-improvise-with-the-dancr-ai-at-switzerland-burgbachkeller\/\">youAI-I3-02; a performance to improvise with our improv-AI at Switzerland, Burgbachkeller<\/a><\/h2>\n\n\t<!-- \tThis outputs the post EXCERPT.  To display full content including images and html,\n\t\treplace the_excerpt(); with the_content();  below. -->\n\t<div class=\"entry-summary\">\n\t\t<p>https:\/\/www.burgbachkeller.ch\/youai-13-02 at 2024.04.27 youAI lecture performance YOU are one living being among the many other entities that together make up an artificial intelligence system (AI). YOUR behavior in the digital&hellip;<\/p>\n\t<\/div>\n\n\t<!--\tThis outputs the post META information -->\n\t<div class=\"entry-utility\">\n\t\t\t\t\t<span class=\"cat-links\">\n\t\t\t\t<span class=\"entry-utility-prep entry-utility-prep-cat-links\">Posted in<\/span> <a href=\"https:\/\/h-a-u-s.org\/index.php\/category\/artarchitecture\/\" rel=\"category tag\">Art&amp;Architecture<\/a>, <a href=\"https:\/\/h-a-u-s.org\/index.php\/category\/artificial-intelligence\/\" rel=\"category tag\">Artificial Intelligence<\/a>, <a href=\"https:\/\/h-a-u-s.org\/index.php\/category\/christoph-hubatschke\/\" rel=\"category tag\">Christoph Hubatschke<\/a>, <a href=\"https:\/\/h-a-u-s.org\/index.php\/category\/darja-stoeva\/\" rel=\"category tag\">Darja Stoeva<\/a>, <a href=\"https:\/\/h-a-u-s.org\/index.php\/category\/eva-maria-kraft\/\" rel=\"category tag\">Eva-Maria Kraft<\/a>, <a href=\"https:\/\/h-a-u-s.org\/index.php\/category\/oliver-schurer\/\" rel=\"category tag\">Oliver Sch\u00fcrer<\/a>, <a href=\"https:\/\/h-a-u-s.org\/index.php\/category\/performance\/\" rel=\"category tag\">Performance<\/a>, <a href=\"https:\/\/h-a-u-s.org\/index.php\/category\/rupert-huber\/\" rel=\"category tag\">Rupert Huber<\/a>, <a href=\"https:\/\/h-a-u-s.org\/index.php\/category\/thomas-a-pichler\/\" rel=\"category tag\">Thomas A. Pichler<\/a>, <a href=\"https:\/\/h-a-u-s.org\/index.php\/category\/video\/\" rel=\"category tag\">Video<\/a>\t\t\t<\/span>\n\t\t\t<span class=\"meta-sep\">|<\/span>\n\t\t\t\t\t\t\t<span class=\"tag-links\">\n\t\t\t\t<span class=\"entry-utility-prep entry-utility-prep-tag-links\">Tagged<\/span> <a href=\"https:\/\/h-a-u-s.org\/index.php\/tag\/darja-stoeva\/\" rel=\"tag\">Darja Stoeva<\/a>, <a href=\"https:\/\/h-a-u-s.org\/index.php\/tag\/eva-maria-kraft\/\" rel=\"tag\">Eva-Maria Kraft<\/a>, <a href=\"https:\/\/h-a-u-s.org\/index.php\/tag\/oliver-schurer\/\" rel=\"tag\">Oliver Sch\u00fcrer<\/a>\t\t\t<\/span>\n\t\t\t<span class=\"meta-sep\">|<\/span>\n\t\t\t\t<span class=\"comments-link\">\n\t\t\t<span>Comments Off<span class=\"screen-reader-text\"> on youAI-I3-02; a performance to improvise with our improv-AI at Switzerland, Burgbachkeller<\/span><\/span>\t\t<\/span>\n\t\t\t<\/div>\n<\/div>\n<!-- \/\/ Post Wrap End -->\n\n","protected":false},"excerpt":{"rendered":"<p>Biography Graduated in philosophy and political science in Vienna. At the moment he is holding a doctoral fellowship at the Austrian Academy of Sciences working as scientific researcher at the&hellip;<\/p>\n","protected":false},"author":2,"featured_media":0,"parent":24,"menu_order":0,"comment_status":"closed","ping_status":"closed","template":"","meta":{"footnotes":""},"class_list":["post-42","page","type-page","status-publish","hentry"],"_links":{"self":[{"href":"https:\/\/h-a-u-s.org\/index.php\/wp-json\/wp\/v2\/pages\/42","targetHints":{"allow":["GET"]}}],"collection":[{"href":"https:\/\/h-a-u-s.org\/index.php\/wp-json\/wp\/v2\/pages"}],"about":[{"href":"https:\/\/h-a-u-s.org\/index.php\/wp-json\/wp\/v2\/types\/page"}],"author":[{"embeddable":true,"href":"https:\/\/h-a-u-s.org\/index.php\/wp-json\/wp\/v2\/users\/2"}],"replies":[{"embeddable":true,"href":"https:\/\/h-a-u-s.org\/index.php\/wp-json\/wp\/v2\/comments?post=42"}],"version-history":[{"count":1,"href":"https:\/\/h-a-u-s.org\/index.php\/wp-json\/wp\/v2\/pages\/42\/revisions"}],"predecessor-version":[{"id":664,"href":"https:\/\/h-a-u-s.org\/index.php\/wp-json\/wp\/v2\/pages\/42\/revisions\/664"}],"up":[{"embeddable":true,"href":"https:\/\/h-a-u-s.org\/index.php\/wp-json\/wp\/v2\/pages\/24"}],"wp:attachment":[{"href":"https:\/\/h-a-u-s.org\/index.php\/wp-json\/wp\/v2\/media?parent=42"}],"curies":[{"name":"wp","href":"https:\/\/api.w.org\/{rel}","templated":true}]}}