{"id":40,"date":"2015-07-09T15:21:58","date_gmt":"2015-07-09T13:21:58","guid":{"rendered":"https:\/\/architecturespacehumanoids.wordpress.com\/?page_id=40"},"modified":"2017-07-24T08:13:26","modified_gmt":"2017-07-24T08:13:26","slug":"christoph-muller","status":"publish","type":"page","link":"https:\/\/h-a-u-s.org\/index.php\/team\/christoph-muller\/","title":{"rendered":"Christoph M\u00fcller"},"content":{"rendered":"<h3><strong>Biography<\/strong><\/h3>\n<p>Christoph Mu\u0308ller is architect, lecturer and researcher. His field of interest is digital methods of form finding in the architectural design. Mu\u0308ller has been teaching at the Institute for Architectural Theory, TU Vienna, since 2013. He is working on a dissertation in the field of experimental structural engineering [Hochbau]. His subject is a mobile architectural module that can autonomously assemble to become a support structure. It covers the following key subjects: swarm intelligence, self-organization, robotics, man\/machine interaction, and inverse cinematics. His research results have already been presented and discussed at the international conferences &#8220;advanced building skins&#8221; in Graz und at the Rese Arch in Bratislava. In addition to teaching and researching, he is actively working in architectural firms.<\/p>\n\n<!-- NOTE: If you need to make changes to this file, copy it to your current theme's main\n\tdirectory so your changes won't be overwritten when the plugin is upgraded. -->\n\n<!-- Post Wrap Start-->\n<div class=\"post hentry ivycat-post\">\n\n\t<!-- \tThis outputs the post TITLE -->\n\t<h2 class=\"entry-title\"><a href=\"https:\/\/h-a-u-s.org\/index.php\/2019\/06\/29\/posthuman-flux-2\/\">Posthuman Flux, Tanz-Performance < Ningy\u014d-buri> aus dem Doppelg\u00e4nger Zyklus, Galerie Spitzer\/Odeon Theater (13-27.6.2019)<\/a><\/h2>\n\n\t<!-- \tThis outputs the post EXCERPT.  To display full content including images and html,\n\t\treplace the_excerpt(); with the_content();  below. -->\n\t<div class=\"entry-summary\">\n\t\t<p>Tanz-Performance &lt; Ningy\u014d-buri&gt; aus dem Doppelg\u00e4nger Zyklus Von\/mit der transdisziplin\u00e4ren Forschungsgruppe H.A.U.S. (Humanoids in Architecture and Urban Spaces). Roboter und k\u00fcnstliche Intelligenz sind angetreten immer mehr Teil unseres privaten, ja&hellip;<\/p>\n\t<\/div>\n\n\t<!--\tThis outputs the post META information -->\n\t<div class=\"entry-utility\">\n\t\t\t\t\t<span class=\"cat-links\">\n\t\t\t\t<span class=\"entry-utility-prep entry-utility-prep-cat-links\">Posted in<\/span> <a href=\"https:\/\/h-a-u-s.org\/index.php\/category\/architecture\/\" rel=\"category tag\">Architecture<\/a>, <a href=\"https:\/\/h-a-u-s.org\/index.php\/category\/art\/\" rel=\"category tag\">Art<\/a>, <a href=\"https:\/\/h-a-u-s.org\/index.php\/category\/christoph-hubatschke\/\" rel=\"category tag\">Christoph Hubatschke<\/a>, <a href=\"https:\/\/h-a-u-s.org\/index.php\/category\/christoph-muller\/\" rel=\"category tag\">Christoph M\u00fcller<\/a>, <a href=\"https:\/\/h-a-u-s.org\/index.php\/category\/darja-stoeva\/\" rel=\"category tag\">Darja Stoeva<\/a>, <a href=\"https:\/\/h-a-u-s.org\/index.php\/category\/discourse\/\" rel=\"category tag\">Discourse<\/a>, <a href=\"https:\/\/h-a-u-s.org\/index.php\/category\/eva-maria-kraft\/\" rel=\"category tag\">Eva-Maria Kraft<\/a>, <a href=\"https:\/\/h-a-u-s.org\/index.php\/category\/event\/\" rel=\"category tag\">Event<\/a>, <a href=\"https:\/\/h-a-u-s.org\/index.php\/category\/helena-frijns\/\" rel=\"category tag\">Helena Frijns<\/a>, <a href=\"https:\/\/h-a-u-s.org\/index.php\/category\/oliver-schurer\/\" rel=\"category tag\">Oliver Sch\u00fcrer<\/a>, <a href=\"https:\/\/h-a-u-s.org\/index.php\/category\/performance\/\" rel=\"category tag\">Performance<\/a>, <a href=\"https:\/\/h-a-u-s.org\/index.php\/category\/rupert-huber\/\" rel=\"category tag\">Rupert Huber<\/a>, <a href=\"https:\/\/h-a-u-s.org\/index.php\/category\/video\/\" rel=\"category tag\">Video<\/a>\t\t\t<\/span>\n\t\t\t<span class=\"meta-sep\">|<\/span>\n\t\t\t\t\t\t\t<span class=\"tag-links\">\n\t\t\t\t<span class=\"entry-utility-prep entry-utility-prep-tag-links\">Tagged<\/span> <a href=\"https:\/\/h-a-u-s.org\/index.php\/tag\/christoph-hubatschke\/\" rel=\"tag\">Christoph Hubatschke<\/a>, <a href=\"https:\/\/h-a-u-s.org\/index.php\/tag\/christoph-muller\/\" rel=\"tag\">Christoph M\u00fcller<\/a>, <a href=\"https:\/\/h-a-u-s.org\/index.php\/tag\/darja-stoeva\/\" rel=\"tag\">Darja Stoeva<\/a>, <a href=\"https:\/\/h-a-u-s.org\/index.php\/tag\/doppelganger-cycle\/\" rel=\"tag\">Doppelganger cycle<\/a>, <a href=\"https:\/\/h-a-u-s.org\/index.php\/tag\/eva-maria-kraft\/\" rel=\"tag\">Eva-Maria Kraft<\/a>, <a href=\"https:\/\/h-a-u-s.org\/index.php\/tag\/helena-frijns\/\" rel=\"tag\">Helena Frijns<\/a>, <a href=\"https:\/\/h-a-u-s.org\/index.php\/tag\/oliver-schurer\/\" rel=\"tag\">Oliver Sch\u00fcrer<\/a>, <a href=\"https:\/\/h-a-u-s.org\/index.php\/tag\/performance\/\" rel=\"tag\">Performance<\/a>, <a href=\"https:\/\/h-a-u-s.org\/index.php\/tag\/sebastian-michael\/\" rel=\"tag\">Sebastian Michael<\/a>, <a href=\"https:\/\/h-a-u-s.org\/index.php\/tag\/thomas-jelinek\/\" rel=\"tag\">Thomas Jelinek<\/a>\t\t\t<\/span>\n\t\t\t<span class=\"meta-sep\">|<\/span>\n\t\t\t\t<span class=\"comments-link\">\n\t\t\t<span>Comments Off<span class=\"screen-reader-text\"> on Posthuman Flux, Tanz-Performance < Ningy\u014d-buri> aus dem Doppelg\u00e4nger Zyklus, Galerie Spitzer\/Odeon Theater (13-27.6.2019)<\/span><\/span>\t\t<\/span>\n\t\t\t<\/div>\n<\/div>\n<!-- \/\/ Post Wrap End -->\n\n<!-- NOTE: If you need to make changes to this file, copy it to your current theme's main\n\tdirectory so your changes won't be overwritten when the plugin is upgraded. -->\n\n<!-- Post Wrap Start-->\n<div class=\"post hentry ivycat-post\">\n\n\t<!-- \tThis outputs the post TITLE -->\n\t<h2 class=\"entry-title\"><a href=\"https:\/\/h-a-u-s.org\/index.php\/2019\/06\/25\/upcoming-tanz-performance-mit-gesprach-robotik-ki-und-forschung-in-performance-und-raum-kunst\/\">upcoming> Tanz-Performance cycle 7, mit  Gespr\u00e4ch Robotik, KI und Forschung in Performance- und Raumkunst<\/a><\/h2>\n\n\t<!-- \tThis outputs the post EXCERPT.  To display full content including images and html,\n\t\treplace the_excerpt(); with the_content();  below. -->\n\t<div class=\"entry-summary\">\n\t\t<p>eine interaktive Ausstellung, transdisziplin\u00e4res Forschungslabor, Ort des Diskurses und B\u00fchne f\u00fcr Tanzperformance cycle 7. 27.6. Galerie Spitzer\/Odeon Theater. 27.6.201919h Ankommen19:30 Tanz-Performance (pay as you wish)20h Gespr\u00e4ch20:30 Feier, Finissage Ausstellung Tanz-Performance&hellip;<\/p>\n\t<\/div>\n\n\t<!--\tThis outputs the post META information -->\n\t<div class=\"entry-utility\">\n\t\t\t\t\t<span class=\"cat-links\">\n\t\t\t\t<span class=\"entry-utility-prep entry-utility-prep-cat-links\">Posted in<\/span> <a href=\"https:\/\/h-a-u-s.org\/index.php\/category\/architecture\/\" rel=\"category tag\">Architecture<\/a>, <a href=\"https:\/\/h-a-u-s.org\/index.php\/category\/art\/\" rel=\"category tag\">Art<\/a>, <a href=\"https:\/\/h-a-u-s.org\/index.php\/category\/christoph-hubatschke\/\" rel=\"category tag\">Christoph Hubatschke<\/a>, <a href=\"https:\/\/h-a-u-s.org\/index.php\/category\/christoph-muller\/\" rel=\"category tag\">Christoph M\u00fcller<\/a>, <a href=\"https:\/\/h-a-u-s.org\/index.php\/category\/darja-stoeva\/\" rel=\"category tag\">Darja Stoeva<\/a>, <a href=\"https:\/\/h-a-u-s.org\/index.php\/category\/discourse\/\" rel=\"category tag\">Discourse<\/a>, <a href=\"https:\/\/h-a-u-s.org\/index.php\/category\/eva-maria-kraft\/\" rel=\"category tag\">Eva-Maria Kraft<\/a>, <a href=\"https:\/\/h-a-u-s.org\/index.php\/category\/event\/\" rel=\"category tag\">Event<\/a>, <a href=\"https:\/\/h-a-u-s.org\/index.php\/category\/helena-frijns\/\" rel=\"category tag\">Helena Frijns<\/a>, <a href=\"https:\/\/h-a-u-s.org\/index.php\/category\/oliver-schurer\/\" rel=\"category tag\">Oliver Sch\u00fcrer<\/a>, <a href=\"https:\/\/h-a-u-s.org\/index.php\/category\/performance\/\" rel=\"category tag\">Performance<\/a>, <a href=\"https:\/\/h-a-u-s.org\/index.php\/category\/rupert-huber\/\" rel=\"category tag\">Rupert Huber<\/a>\t\t\t<\/span>\n\t\t\t<span class=\"meta-sep\">|<\/span>\n\t\t\t\t\t\t\t<span class=\"tag-links\">\n\t\t\t\t<span class=\"entry-utility-prep entry-utility-prep-tag-links\">Tagged<\/span> <a href=\"https:\/\/h-a-u-s.org\/index.php\/tag\/christoph-hubatschke\/\" rel=\"tag\">Christoph Hubatschke<\/a>, <a href=\"https:\/\/h-a-u-s.org\/index.php\/tag\/christoph-muller\/\" rel=\"tag\">Christoph M\u00fcller<\/a>, <a href=\"https:\/\/h-a-u-s.org\/index.php\/tag\/doppelganger-cycle\/\" rel=\"tag\">Doppelganger cycle<\/a>, <a href=\"https:\/\/h-a-u-s.org\/index.php\/tag\/eva-maria-kraft\/\" rel=\"tag\">Eva-Maria Kraft<\/a>, <a href=\"https:\/\/h-a-u-s.org\/index.php\/tag\/oliver-schurer\/\" rel=\"tag\">Oliver Sch\u00fcrer<\/a>, <a href=\"https:\/\/h-a-u-s.org\/index.php\/tag\/performance\/\" rel=\"tag\">Performance<\/a>\t\t\t<\/span>\n\t\t\t<span class=\"meta-sep\">|<\/span>\n\t\t\t\t<span class=\"comments-link\">\n\t\t\t<span>Comments Off<span class=\"screen-reader-text\"> on upcoming> Tanz-Performance cycle 7, mit  Gespr\u00e4ch Robotik, KI und Forschung in Performance- und Raumkunst<\/span><\/span>\t\t<\/span>\n\t\t\t<\/div>\n<\/div>\n<!-- \/\/ Post Wrap End -->\n\n<!-- NOTE: If you need to make changes to this file, copy it to your current theme's main\n\tdirectory so your changes won't be overwritten when the plugin is upgraded. -->\n\n<!-- Post Wrap Start-->\n<div class=\"post hentry ivycat-post\">\n\n\t<!-- \tThis outputs the post TITLE -->\n\t<h2 class=\"entry-title\"><a href=\"https:\/\/h-a-u-s.org\/index.php\/2019\/06\/09\/posthuman-flux\/\">upcoming> Posthuman Flux<\/a><\/h2>\n\n\t<!-- \tThis outputs the post EXCERPT.  To display full content including images and html,\n\t\treplace the_excerpt(); with the_content();  below. -->\n\t<div class=\"entry-summary\">\n\t\t<p>eine interaktive Ausstellung, transdisziplin\u00e4res Forschungslabor, Ort des Diskurses und B\u00fchne f\u00fcr Tanzperformance cycle 7. 13-27.6. Galerie Spitzer\/Odeon Theater. Event 13.6., 19h Ankommen, 19:30 Tanz-Performance (pay as you wish), 20h Publikumsgespr\u00e4ch&hellip;<\/p>\n\t<\/div>\n\n\t<!--\tThis outputs the post META information -->\n\t<div class=\"entry-utility\">\n\t\t\t\t\t<span class=\"cat-links\">\n\t\t\t\t<span class=\"entry-utility-prep entry-utility-prep-cat-links\">Posted in<\/span> <a href=\"https:\/\/h-a-u-s.org\/index.php\/category\/architecture\/\" rel=\"category tag\">Architecture<\/a>, <a href=\"https:\/\/h-a-u-s.org\/index.php\/category\/art\/\" rel=\"category tag\">Art<\/a>, <a href=\"https:\/\/h-a-u-s.org\/index.php\/category\/artificial-intelligence\/\" rel=\"category tag\">Artificial Intelligence<\/a>, <a href=\"https:\/\/h-a-u-s.org\/index.php\/category\/christoph-hubatschke\/\" rel=\"category tag\">Christoph Hubatschke<\/a>, <a href=\"https:\/\/h-a-u-s.org\/index.php\/category\/christoph-muller\/\" rel=\"category tag\">Christoph M\u00fcller<\/a>, <a href=\"https:\/\/h-a-u-s.org\/index.php\/category\/darja-stoeva\/\" rel=\"category tag\">Darja Stoeva<\/a>, <a href=\"https:\/\/h-a-u-s.org\/index.php\/category\/eva-maria-kraft\/\" rel=\"category tag\">Eva-Maria Kraft<\/a>, <a href=\"https:\/\/h-a-u-s.org\/index.php\/category\/helena-frijns\/\" rel=\"category tag\">Helena Frijns<\/a>, <a href=\"https:\/\/h-a-u-s.org\/index.php\/category\/oliver-schurer\/\" rel=\"category tag\">Oliver Sch\u00fcrer<\/a>, <a href=\"https:\/\/h-a-u-s.org\/index.php\/category\/performance\/\" rel=\"category tag\">Performance<\/a>, <a href=\"https:\/\/h-a-u-s.org\/index.php\/category\/rupert-huber\/\" rel=\"category tag\">Rupert Huber<\/a>\t\t\t<\/span>\n\t\t\t<span class=\"meta-sep\">|<\/span>\n\t\t\t\t\t\t\t<span class=\"tag-links\">\n\t\t\t\t<span class=\"entry-utility-prep entry-utility-prep-tag-links\">Tagged<\/span> <a href=\"https:\/\/h-a-u-s.org\/index.php\/tag\/christoph-hubatschke\/\" rel=\"tag\">Christoph Hubatschke<\/a>, <a href=\"https:\/\/h-a-u-s.org\/index.php\/tag\/christoph-muller\/\" rel=\"tag\">Christoph M\u00fcller<\/a>, <a href=\"https:\/\/h-a-u-s.org\/index.php\/tag\/darja-stoeva\/\" rel=\"tag\">Darja Stoeva<\/a>, <a href=\"https:\/\/h-a-u-s.org\/index.php\/tag\/doppelganger-cycle\/\" rel=\"tag\">Doppelganger cycle<\/a>, <a href=\"https:\/\/h-a-u-s.org\/index.php\/tag\/helena-frijns\/\" rel=\"tag\">Helena Frijns<\/a>, <a href=\"https:\/\/h-a-u-s.org\/index.php\/tag\/oliver-schurer\/\" rel=\"tag\">Oliver Sch\u00fcrer<\/a>, <a href=\"https:\/\/h-a-u-s.org\/index.php\/tag\/performance\/\" rel=\"tag\">Performance<\/a>\t\t\t<\/span>\n\t\t\t<span class=\"meta-sep\">|<\/span>\n\t\t\t\t<span class=\"comments-link\">\n\t\t\t<span>Comments Off<span class=\"screen-reader-text\"> on upcoming> Posthuman Flux<\/span><\/span>\t\t<\/span>\n\t\t\t<\/div>\n<\/div>\n<!-- \/\/ Post Wrap End -->\n\n<!-- NOTE: If you need to make changes to this file, copy it to your current theme's main\n\tdirectory so your changes won't be overwritten when the plugin is upgraded. -->\n\n<!-- Post Wrap Start-->\n<div class=\"post hentry ivycat-post\">\n\n\t<!-- \tThis outputs the post TITLE -->\n\t<h2 class=\"entry-title\"><a href=\"https:\/\/h-a-u-s.org\/index.php\/2019\/06\/02\/dance-performance-doppelganger-cycle-6-ningyo-buri-at-volkstheater\/\">Dance-Performance \u201cDoppelg\u00e4nger\u201d cycle 6, \u201cNingy\u014d-buri\u201d at Volkstheater Vienna (31.5+1.6.2019)<\/a><\/h2>\n\n\t<!-- \tThis outputs the post EXCERPT.  To display full content including images and html,\n\t\treplace the_excerpt(); with the_content();  below. -->\n\t<div class=\"entry-summary\">\n\t\t\t<\/div>\n\n\t<!--\tThis outputs the post META information -->\n\t<div class=\"entry-utility\">\n\t\t\t\t\t<span class=\"cat-links\">\n\t\t\t\t<span class=\"entry-utility-prep entry-utility-prep-cat-links\">Posted in<\/span> <a href=\"https:\/\/h-a-u-s.org\/index.php\/category\/architecture\/\" rel=\"category tag\">Architecture<\/a>, <a href=\"https:\/\/h-a-u-s.org\/index.php\/category\/art\/\" rel=\"category tag\">Art<\/a>, <a href=\"https:\/\/h-a-u-s.org\/index.php\/category\/christoph-hubatschke\/\" rel=\"category tag\">Christoph Hubatschke<\/a>, <a href=\"https:\/\/h-a-u-s.org\/index.php\/category\/christoph-muller\/\" rel=\"category tag\">Christoph M\u00fcller<\/a>, <a href=\"https:\/\/h-a-u-s.org\/index.php\/category\/clara-haider\/\" rel=\"category tag\">Clara Haider<\/a>, <a href=\"https:\/\/h-a-u-s.org\/index.php\/category\/darja-stoeva\/\" rel=\"category tag\">Darja Stoeva<\/a>, <a href=\"https:\/\/h-a-u-s.org\/index.php\/category\/eva-maria-kraft\/\" rel=\"category tag\">Eva-Maria Kraft<\/a>, <a href=\"https:\/\/h-a-u-s.org\/index.php\/category\/event\/\" rel=\"category tag\">Event<\/a>, <a href=\"https:\/\/h-a-u-s.org\/index.php\/category\/oliver-schurer\/\" rel=\"category tag\">Oliver Sch\u00fcrer<\/a>, <a href=\"https:\/\/h-a-u-s.org\/index.php\/category\/performance\/\" rel=\"category tag\">Performance<\/a>, <a href=\"https:\/\/h-a-u-s.org\/index.php\/category\/rupert-huber\/\" rel=\"category tag\">Rupert Huber<\/a>, <a href=\"https:\/\/h-a-u-s.org\/index.php\/category\/video\/\" rel=\"category tag\">Video<\/a>\t\t\t<\/span>\n\t\t\t<span class=\"meta-sep\">|<\/span>\n\t\t\t\t\t\t\t<span class=\"tag-links\">\n\t\t\t\t<span class=\"entry-utility-prep entry-utility-prep-tag-links\">Tagged<\/span> <a href=\"https:\/\/h-a-u-s.org\/index.php\/tag\/christoph-hubatschke\/\" rel=\"tag\">Christoph Hubatschke<\/a>, <a href=\"https:\/\/h-a-u-s.org\/index.php\/tag\/christoph-muller\/\" rel=\"tag\">Christoph M\u00fcller<\/a>, <a href=\"https:\/\/h-a-u-s.org\/index.php\/tag\/darja-stoeva\/\" rel=\"tag\">Darja Stoeva<\/a>, <a href=\"https:\/\/h-a-u-s.org\/index.php\/tag\/doppelganger-cycle\/\" rel=\"tag\">Doppelganger cycle<\/a>, <a href=\"https:\/\/h-a-u-s.org\/index.php\/tag\/helena-frijns\/\" rel=\"tag\">Helena Frijns<\/a>, <a href=\"https:\/\/h-a-u-s.org\/index.php\/tag\/oliver-schurer\/\" rel=\"tag\">Oliver Sch\u00fcrer<\/a>, <a href=\"https:\/\/h-a-u-s.org\/index.php\/tag\/performance\/\" rel=\"tag\">Performance<\/a>, <a href=\"https:\/\/h-a-u-s.org\/index.php\/tag\/sebastian-michael\/\" rel=\"tag\">Sebastian Michael<\/a>\t\t\t<\/span>\n\t\t\t<span class=\"meta-sep\">|<\/span>\n\t\t\t\t<span class=\"comments-link\">\n\t\t\t<span>Comments Off<span class=\"screen-reader-text\"> on Dance-Performance \u201cDoppelg\u00e4nger\u201d cycle 6, \u201cNingy\u014d-buri\u201d at Volkstheater Vienna (31.5+1.6.2019)<\/span><\/span>\t\t<\/span>\n\t\t\t<\/div>\n<\/div>\n<!-- \/\/ Post Wrap End -->\n\n<!-- NOTE: If you need to make changes to this file, copy it to your current theme's main\n\tdirectory so your changes won't be overwritten when the plugin is upgraded. -->\n\n<!-- Post Wrap Start-->\n<div class=\"post hentry ivycat-post\">\n\n\t<!-- \tThis outputs the post TITLE -->\n\t<h2 class=\"entry-title\"><a href=\"https:\/\/h-a-u-s.org\/index.php\/2019\/05\/04\/next-doppelganger-dance-performance-cycle-ningyo-buri\/\">upcoming> Dance-Performance &#8220;Doppelg\u00e4nger&#8221; cycle 5, 6, and 7, &#8220;Ningy\u014d-buri&#8221;<\/a><\/h2>\n\n\t<!-- \tThis outputs the post EXCERPT.  To display full content including images and html,\n\t\treplace the_excerpt(); with the_content();  below. -->\n\t<div class=\"entry-summary\">\n\t\t<p>Robots and artificial intelligence are poised to become part of our private and even our intimate lives. What kind of relation- ships do we want to develop with these completely&hellip;<\/p>\n\t<\/div>\n\n\t<!--\tThis outputs the post META information -->\n\t<div class=\"entry-utility\">\n\t\t\t\t\t<span class=\"cat-links\">\n\t\t\t\t<span class=\"entry-utility-prep entry-utility-prep-cat-links\">Posted in<\/span> <a href=\"https:\/\/h-a-u-s.org\/index.php\/category\/architecture\/\" rel=\"category tag\">Architecture<\/a>, <a href=\"https:\/\/h-a-u-s.org\/index.php\/category\/art\/\" rel=\"category tag\">Art<\/a>, <a href=\"https:\/\/h-a-u-s.org\/index.php\/category\/christoph-hubatschke\/\" rel=\"category tag\">Christoph Hubatschke<\/a>, <a href=\"https:\/\/h-a-u-s.org\/index.php\/category\/christoph-muller\/\" rel=\"category tag\">Christoph M\u00fcller<\/a>, <a href=\"https:\/\/h-a-u-s.org\/index.php\/category\/eva-maria-kraft\/\" rel=\"category tag\">Eva-Maria Kraft<\/a>, <a href=\"https:\/\/h-a-u-s.org\/index.php\/category\/oliver-schurer\/\" rel=\"category tag\">Oliver Sch\u00fcrer<\/a>, <a href=\"https:\/\/h-a-u-s.org\/index.php\/category\/performance\/\" rel=\"category tag\">Performance<\/a>, <a href=\"https:\/\/h-a-u-s.org\/index.php\/category\/uncategorized\/\" rel=\"category tag\">Uncategorized<\/a>\t\t\t<\/span>\n\t\t\t<span class=\"meta-sep\">|<\/span>\n\t\t\t\t\t\t\t<span class=\"tag-links\">\n\t\t\t\t<span class=\"entry-utility-prep entry-utility-prep-tag-links\">Tagged<\/span> <a href=\"https:\/\/h-a-u-s.org\/index.php\/tag\/christoph-hubatschke\/\" rel=\"tag\">Christoph Hubatschke<\/a>, <a href=\"https:\/\/h-a-u-s.org\/index.php\/tag\/christoph-muller\/\" rel=\"tag\">Christoph M\u00fcller<\/a>, <a href=\"https:\/\/h-a-u-s.org\/index.php\/tag\/doppelganger-cycle\/\" rel=\"tag\">Doppelganger cycle<\/a>, <a href=\"https:\/\/h-a-u-s.org\/index.php\/tag\/eva-maria-kraft\/\" rel=\"tag\">Eva-Maria Kraft<\/a>, <a href=\"https:\/\/h-a-u-s.org\/index.php\/tag\/oliver-schurer\/\" rel=\"tag\">Oliver Sch\u00fcrer<\/a>, <a href=\"https:\/\/h-a-u-s.org\/index.php\/tag\/performance\/\" rel=\"tag\">Performance<\/a>\t\t\t<\/span>\n\t\t\t<span class=\"meta-sep\">|<\/span>\n\t\t\t\t<span class=\"comments-link\">\n\t\t\t<span>Comments Off<span class=\"screen-reader-text\"> on upcoming> Dance-Performance &#8220;Doppelg\u00e4nger&#8221; cycle 5, 6, and 7, &#8220;Ningy\u014d-buri&#8221;<\/span><\/span>\t\t<\/span>\n\t\t\t<\/div>\n<\/div>\n<!-- \/\/ Post Wrap End -->\n\n<!-- NOTE: If you need to make changes to this file, copy it to your current theme's main\n\tdirectory so your changes won't be overwritten when the plugin is upgraded. -->\n\n<!-- Post Wrap Start-->\n<div class=\"post hentry ivycat-post\">\n\n\t<!-- \tThis outputs the post TITLE -->\n\t<h2 class=\"entry-title\"><a href=\"https:\/\/h-a-u-s.org\/index.php\/2019\/05\/03\/upcoming-performance-the-robot-is-present\/\">upcoming> Introspection-Performance &#8220;The Robot is Present&#8221; at Volkstheater Vienna<\/a><\/h2>\n\n\t<!-- \tThis outputs the post EXCERPT.  To display full content including images and html,\n\t\treplace the_excerpt(); with the_content();  below. -->\n\t<div class=\"entry-summary\">\n\t\t<p>Fr. 31.5., 13-14:45 at the Volkstheater Vienna, festival &#8220;#digitalnatives19&#8221; www.volkstheater.at\/stueck\/the-robot-is-present\/ Introspection-Performance &#8220;The Robot is Present&#8221;What do you feel when you experiene the presence of an artifact? Can a robot or&hellip;<\/p>\n\t<\/div>\n\n\t<!--\tThis outputs the post META information -->\n\t<div class=\"entry-utility\">\n\t\t\t\t\t<span class=\"cat-links\">\n\t\t\t\t<span class=\"entry-utility-prep entry-utility-prep-cat-links\">Posted in<\/span> <a href=\"https:\/\/h-a-u-s.org\/index.php\/category\/architecture\/\" rel=\"category tag\">Architecture<\/a>, <a href=\"https:\/\/h-a-u-s.org\/index.php\/category\/art\/\" rel=\"category tag\">Art<\/a>, <a href=\"https:\/\/h-a-u-s.org\/index.php\/category\/christoph-hubatschke\/\" rel=\"category tag\">Christoph Hubatschke<\/a>, <a href=\"https:\/\/h-a-u-s.org\/index.php\/category\/christoph-muller\/\" rel=\"category tag\">Christoph M\u00fcller<\/a>, <a href=\"https:\/\/h-a-u-s.org\/index.php\/category\/clara-haider\/\" rel=\"category tag\">Clara Haider<\/a>, <a href=\"https:\/\/h-a-u-s.org\/index.php\/category\/matthias-hirschmanner\/\" rel=\"category tag\">Matthias Hirschmanner<\/a>, <a href=\"https:\/\/h-a-u-s.org\/index.php\/category\/oliver-schurer\/\" rel=\"category tag\">Oliver Sch\u00fcrer<\/a>, <a href=\"https:\/\/h-a-u-s.org\/index.php\/category\/performance\/\" rel=\"category tag\">Performance<\/a>\t\t\t<\/span>\n\t\t\t<span class=\"meta-sep\">|<\/span>\n\t\t\t\t\t\t\t<span class=\"tag-links\">\n\t\t\t\t<span class=\"entry-utility-prep entry-utility-prep-tag-links\">Tagged<\/span> <a href=\"https:\/\/h-a-u-s.org\/index.php\/tag\/christoph-hubatschke\/\" rel=\"tag\">Christoph Hubatschke<\/a>, <a href=\"https:\/\/h-a-u-s.org\/index.php\/tag\/christoph-muller\/\" rel=\"tag\">Christoph M\u00fcller<\/a>, <a href=\"https:\/\/h-a-u-s.org\/index.php\/tag\/oliver-schurer\/\" rel=\"tag\">Oliver Sch\u00fcrer<\/a>, <a href=\"https:\/\/h-a-u-s.org\/index.php\/tag\/performance\/\" rel=\"tag\">Performance<\/a>\t\t\t<\/span>\n\t\t\t<span class=\"meta-sep\">|<\/span>\n\t\t\t\t<span class=\"comments-link\">\n\t\t\t<span>Comments Off<span class=\"screen-reader-text\"> on upcoming> Introspection-Performance &#8220;The Robot is Present&#8221; at Volkstheater Vienna<\/span><\/span>\t\t<\/span>\n\t\t\t<\/div>\n<\/div>\n<!-- \/\/ Post Wrap End -->\n\n","protected":false},"excerpt":{"rendered":"<p>Biography Christoph Mu\u0308ller is architect, lecturer and researcher. His field of interest is digital methods of form finding in the architectural design. Mu\u0308ller has been teaching at the Institute for&hellip;<\/p>\n","protected":false},"author":2,"featured_media":0,"parent":24,"menu_order":0,"comment_status":"closed","ping_status":"closed","template":"","meta":{"footnotes":""},"class_list":["post-40","page","type-page","status-publish","hentry"],"_links":{"self":[{"href":"https:\/\/h-a-u-s.org\/index.php\/wp-json\/wp\/v2\/pages\/40","targetHints":{"allow":["GET"]}}],"collection":[{"href":"https:\/\/h-a-u-s.org\/index.php\/wp-json\/wp\/v2\/pages"}],"about":[{"href":"https:\/\/h-a-u-s.org\/index.php\/wp-json\/wp\/v2\/types\/page"}],"author":[{"embeddable":true,"href":"https:\/\/h-a-u-s.org\/index.php\/wp-json\/wp\/v2\/users\/2"}],"replies":[{"embeddable":true,"href":"https:\/\/h-a-u-s.org\/index.php\/wp-json\/wp\/v2\/comments?post=40"}],"version-history":[{"count":1,"href":"https:\/\/h-a-u-s.org\/index.php\/wp-json\/wp\/v2\/pages\/40\/revisions"}],"predecessor-version":[{"id":662,"href":"https:\/\/h-a-u-s.org\/index.php\/wp-json\/wp\/v2\/pages\/40\/revisions\/662"}],"up":[{"embeddable":true,"href":"https:\/\/h-a-u-s.org\/index.php\/wp-json\/wp\/v2\/pages\/24"}],"wp:attachment":[{"href":"https:\/\/h-a-u-s.org\/index.php\/wp-json\/wp\/v2\/media?parent=40"}],"curies":[{"name":"wp","href":"https:\/\/api.w.org\/{rel}","templated":true}]}}