{"id":36,"date":"2015-07-09T15:21:23","date_gmt":"2015-07-09T13:21:23","guid":{"rendered":"https:\/\/architecturespacehumanoids.wordpress.com\/?page_id=36"},"modified":"2019-03-17T20:11:41","modified_gmt":"2019-03-17T20:11:41","slug":"benjamin-stangl","status":"publish","type":"page","link":"https:\/\/h-a-u-s.org\/index.php\/team\/benjamin-stangl\/","title":{"rendered":"Benjamin Stangl"},"content":{"rendered":"<h3><\/h3>\n<h3><img loading=\"lazy\" decoding=\"async\" class=\"alignnone wp-image-388\" src=\"https:\/\/haus.attp.tuwien.ac.at\/wp-content\/uploads\/2016\/05\/gbs-abschlussfeier-ausschnitt1.jpg\" alt=\"GBS Abschlussfeier Ausschnitt\" width=\"198\" height=\"254\" srcset=\"https:\/\/h-a-u-s.org\/wp-content\/uploads\/2016\/05\/gbs-abschlussfeier-ausschnitt1.jpg 876w, https:\/\/h-a-u-s.org\/wp-content\/uploads\/2016\/05\/gbs-abschlussfeier-ausschnitt1-233x300.jpg 233w, https:\/\/h-a-u-s.org\/wp-content\/uploads\/2016\/05\/gbs-abschlussfeier-ausschnitt1-768x987.jpg 768w, https:\/\/h-a-u-s.org\/wp-content\/uploads\/2016\/05\/gbs-abschlussfeier-ausschnitt1-797x1024.jpg 797w\" sizes=\"auto, (max-width: 198px) 100vw, 198px\" \/><\/h3>\n<h3><strong>Biography<br \/>\n<\/strong><\/h3>\n<p>Benjamin Stangl studied architecture at McGill University and the Vienna University of Technology where he\u00a0graduated with distinction in <strong>Master of\u00a0<em><strong>B<\/strong>uilding Science and Technology<\/em><\/strong> (2010) and in <strong>Master of\u00a0<em>Architecture<\/em><\/strong> (2013). He is a founding member of the interdisciplinary research group <strong>H.A.U.S.<\/strong>\u00a0(Humanoids in Architecture and Urban Spaces). Currently, he is a doctoral candidate in Architecture at TU Vienna. The working title of his dissertation is: Social Robots at the Interface of Humans, Technology and Space.<\/p>\n<h3><strong>Research interests<\/strong><\/h3>\n<ul>\n<li>Social Robotics<\/li>\n<li>Human-Robot Interaction<\/li>\n<li>Assistive Systems<\/li>\n<li>Smart Homes<\/li>\n<\/ul>\n<h3><strong>Robotic projects<\/strong><\/h3>\n<ul>\n<li><a href=\"https:\/\/h-a-u-s.org\/index.php\/work\/embodied-building-services\/\">Embodied Building Services<\/a><\/li>\n<li><a href=\"https:\/\/h-a-u-s.org\/index.php\/2015\/10\/24\/selfie-with-romeo\/\">Selfie with Romeo<\/a><\/li>\n<li><a href=\"https:\/\/h-a-u-s.org\/index.php\/2015\/02\/05\/robotic-fitness-teacher\/\">Robotic Fitness Teacher with Lego Mindstorms<\/a><\/li>\n<\/ul>\n<h3><strong>Publications<\/strong><\/h3>\n<ul>\n<li>Sch\u00fcrer, O., Hubatschke, C., M\u00fcller, C., Stangl B. (fc.). Space-Game: Domesticating humanoid robots and AI by generating a cultural space model of intra-action. In: Athanasios Karafillidis; Robert Weidner (Hrsg.): Developing Support Technologies. Springer 2018.<\/li>\n<li>Sch\u00fcrer, O., Stangl, B., M\u00fcller, C., Hubatschke, C., (2018). Experiments with a First Prototype of a Spatial Model of Cultural Meaning through Natural-Language Human-Robot Interaction. Technologies, Volume 6, Issue 1.<\/li>\n<li>Sch\u00fcrer, O., Stangl, B., M\u00fcller, C., Hubatschke, C., (2017). A first prototype of a space model of cultural meaning by natural-language human-robot interaction, 10th International Conference on Pervasive Technologies Related to Assistive Environments (PETRA\u201917), Rhodos, Griechenland.<\/li>\n<li>Sch\u00fcrer, O., Hubatschke, C., M\u00fcller, C., Stangl B. (2016). Raum-Spiel: Generieren eines kulturellen Raummodells durch Mensch-Roboter Interaktion. smartASSIST 2016, Hamburg, Deutschland.<\/li>\n<li>Stangl, B., M\u00fcller, C., Sch\u00fcrer, O. (2016). Ein Roboter wie ein H.A.U.S.?. Architektur &amp; Bauforum, 09\/2016, Wien.<\/li>\n<\/ul>\n<h3><strong>Lectures<\/strong><\/h3>\n<ul>\n<li><em>Breaking the wall of social robots as actors &amp; networks (<\/em>Invited Talk)\u00a0FallingWallsLAB16, Vienna Technical Museum, 2016.<\/li>\n<li><em>Humanoide Roboter in der Architektur<\/em>\u00a0(Invited Talk) 1. Wiener\u00a0Doktorand_innensymposion der Architektur, 2015.<\/li>\n<li><em>Operating with a Virtual Archaeological Information Model in\u00a0<\/em><em>Adobe 3D PDF<\/em>\u00a0(Invited Talk)\u00a0TOPOI Excellence Cluster, Free University of Berlin, 2010.<\/li>\n<\/ul>\n\n<!-- NOTE: If you need to make changes to this file, copy it to your current theme's main\n\tdirectory so your changes won't be overwritten when the plugin is upgraded. -->\n\n<!-- Post Wrap Start-->\n<div class=\"post hentry ivycat-post\">\n\n\t<!-- \tThis outputs the post TITLE -->\n\t<h2 class=\"entry-title\"><a href=\"https:\/\/h-a-u-s.org\/index.php\/2019\/03\/07\/robot-machina-and-her-friend-eva-reminisce-on-visiting-the-doll-coppelia-at-the-vienna-volksoper-5-2-19\/\">Robot Machina and her friend Eva reminisce on visiting the windup doll &#8220;Copp\u00e9lia&#8221; at the Vienna Volksoper 5.2.19<\/a><\/h2>\n\n\t<!-- \tThis outputs the post EXCERPT.  To display full content including images and html,\n\t\treplace the_excerpt(); with the_content();  below. -->\n\t<div class=\"entry-summary\">\n\t\t<p>A splendid night at the opera, in seven scenesMachina is a special doll. She is a robot and enthusiastic fan of Copp\u00e9lia. Because she loves the heartwarming representation of a&hellip;<\/p>\n\t<\/div>\n\n\t<!--\tThis outputs the post META information -->\n\t<div class=\"entry-utility\">\n\t\t\t\t\t<span class=\"cat-links\">\n\t\t\t\t<span class=\"entry-utility-prep entry-utility-prep-cat-links\">Posted in<\/span> <a href=\"https:\/\/h-a-u-s.org\/index.php\/category\/art\/\" rel=\"category tag\">Art<\/a>, <a href=\"https:\/\/h-a-u-s.org\/index.php\/category\/benjamin-stangl\/\" rel=\"category tag\">Benjamin Stangl<\/a>, <a href=\"https:\/\/h-a-u-s.org\/index.php\/category\/christoph-hubatschke\/\" rel=\"category tag\">Christoph Hubatschke<\/a>, <a href=\"https:\/\/h-a-u-s.org\/index.php\/category\/christoph-muller\/\" rel=\"category tag\">Christoph M\u00fcller<\/a>, <a href=\"https:\/\/h-a-u-s.org\/index.php\/category\/clara-haider\/\" rel=\"category tag\">Clara Haider<\/a>, <a href=\"https:\/\/h-a-u-s.org\/index.php\/category\/discourse\/\" rel=\"category tag\">Discourse<\/a>, <a href=\"https:\/\/h-a-u-s.org\/index.php\/category\/eva-maria-kraft\/\" rel=\"category tag\">Eva-Maria Kraft<\/a>, <a href=\"https:\/\/h-a-u-s.org\/index.php\/category\/event\/\" rel=\"category tag\">Event<\/a>, <a href=\"https:\/\/h-a-u-s.org\/index.php\/category\/oliver-schurer\/\" rel=\"category tag\">Oliver Sch\u00fcrer<\/a>, <a href=\"https:\/\/h-a-u-s.org\/index.php\/category\/performance\/\" rel=\"category tag\">Performance<\/a>, <a href=\"https:\/\/h-a-u-s.org\/index.php\/category\/video\/\" rel=\"category tag\">Video<\/a>\t\t\t<\/span>\n\t\t\t<span class=\"meta-sep\">|<\/span>\n\t\t\t\t\t\t\t<span class=\"tag-links\">\n\t\t\t\t<span class=\"entry-utility-prep entry-utility-prep-tag-links\">Tagged<\/span> <a href=\"https:\/\/h-a-u-s.org\/index.php\/tag\/benjamin-stangl\/\" rel=\"tag\">Benjamin Stangl<\/a>, <a href=\"https:\/\/h-a-u-s.org\/index.php\/tag\/christoph-hubatschke\/\" rel=\"tag\">Christoph Hubatschke<\/a>, <a href=\"https:\/\/h-a-u-s.org\/index.php\/tag\/christoph-muller\/\" rel=\"tag\">Christoph M\u00fcller<\/a>, <a href=\"https:\/\/h-a-u-s.org\/index.php\/tag\/darja-stoeva\/\" rel=\"tag\">Darja Stoeva<\/a>, <a href=\"https:\/\/h-a-u-s.org\/index.php\/tag\/helena-frijns\/\" rel=\"tag\">Helena Frijns<\/a>, <a href=\"https:\/\/h-a-u-s.org\/index.php\/tag\/oliver-schurer\/\" rel=\"tag\">Oliver Sch\u00fcrer<\/a>, <a href=\"https:\/\/h-a-u-s.org\/index.php\/tag\/performance\/\" rel=\"tag\">Performance<\/a>\t\t\t<\/span>\n\t\t\t<span class=\"meta-sep\">|<\/span>\n\t\t\t\t<span class=\"comments-link\">\n\t\t\t<span>Comments Off<span class=\"screen-reader-text\"> on Robot Machina and her friend Eva reminisce on visiting the windup doll &#8220;Copp\u00e9lia&#8221; at the Vienna Volksoper 5.2.19<\/span><\/span>\t\t<\/span>\n\t\t\t<\/div>\n<\/div>\n<!-- \/\/ Post Wrap End -->\n\n<!-- NOTE: If you need to make changes to this file, copy it to your current theme's main\n\tdirectory so your changes won't be overwritten when the plugin is upgraded. -->\n\n<!-- Post Wrap Start-->\n<div class=\"post hentry ivycat-post\">\n\n\t<!-- \tThis outputs the post TITLE -->\n\t<h2 class=\"entry-title\"><a href=\"https:\/\/h-a-u-s.org\/index.php\/2019\/03\/03\/robot-visits-the-opera-performance-of-the-doll-coppelia-at-the-vienna-volksoper-5-2-19\/\">Robot Machina will visit the opera performance of the doll &#8220;Copp\u00e9lia&#8221; at the Vienna Volksoper<\/a><\/h2>\n\n\t<!-- \tThis outputs the post EXCERPT.  To display full content including images and html,\n\t\treplace the_excerpt(); with the_content();  below. -->\n\t<div class=\"entry-summary\">\n\t\t<p>(F\u00fcr deutschen Text nach unten scrollen) Machina is a special doll. She is a robot and enthusiastic fan of Copp\u00e9lia. Because she loves the heartwarming representation of a doll by&hellip;<\/p>\n\t<\/div>\n\n\t<!--\tThis outputs the post META information -->\n\t<div class=\"entry-utility\">\n\t\t\t\t\t<span class=\"cat-links\">\n\t\t\t\t<span class=\"entry-utility-prep entry-utility-prep-cat-links\">Posted in<\/span> <a href=\"https:\/\/h-a-u-s.org\/index.php\/category\/art\/\" rel=\"category tag\">Art<\/a>, <a href=\"https:\/\/h-a-u-s.org\/index.php\/category\/benjamin-stangl\/\" rel=\"category tag\">Benjamin Stangl<\/a>, <a href=\"https:\/\/h-a-u-s.org\/index.php\/category\/christoph-hubatschke\/\" rel=\"category tag\">Christoph Hubatschke<\/a>, <a href=\"https:\/\/h-a-u-s.org\/index.php\/category\/christoph-muller\/\" rel=\"category tag\">Christoph M\u00fcller<\/a>, <a href=\"https:\/\/h-a-u-s.org\/index.php\/category\/clara-haider\/\" rel=\"category tag\">Clara Haider<\/a>, <a href=\"https:\/\/h-a-u-s.org\/index.php\/category\/eva-maria-kraft\/\" rel=\"category tag\">Eva-Maria Kraft<\/a>, <a href=\"https:\/\/h-a-u-s.org\/index.php\/category\/event\/\" rel=\"category tag\">Event<\/a>, <a href=\"https:\/\/h-a-u-s.org\/index.php\/category\/oliver-schurer\/\" rel=\"category tag\">Oliver Sch\u00fcrer<\/a>, <a href=\"https:\/\/h-a-u-s.org\/index.php\/category\/performance\/\" rel=\"category tag\">Performance<\/a>\t\t\t<\/span>\n\t\t\t<span class=\"meta-sep\">|<\/span>\n\t\t\t\t\t\t\t<span class=\"tag-links\">\n\t\t\t\t<span class=\"entry-utility-prep entry-utility-prep-tag-links\">Tagged<\/span> <a href=\"https:\/\/h-a-u-s.org\/index.php\/tag\/anthropomorphism\/\" rel=\"tag\">anthropomorphism<\/a>, <a href=\"https:\/\/h-a-u-s.org\/index.php\/tag\/benjamin-stangl\/\" rel=\"tag\">Benjamin Stangl<\/a>, <a href=\"https:\/\/h-a-u-s.org\/index.php\/tag\/christoph-hubatschke\/\" rel=\"tag\">Christoph Hubatschke<\/a>, <a href=\"https:\/\/h-a-u-s.org\/index.php\/tag\/christoph-muller\/\" rel=\"tag\">Christoph M\u00fcller<\/a>, <a href=\"https:\/\/h-a-u-s.org\/index.php\/tag\/eva-maria-kraft\/\" rel=\"tag\">Eva-Maria Kraft<\/a>, <a href=\"https:\/\/h-a-u-s.org\/index.php\/tag\/oliver-schurer\/\" rel=\"tag\">Oliver Sch\u00fcrer<\/a>, <a href=\"https:\/\/h-a-u-s.org\/index.php\/tag\/performance\/\" rel=\"tag\">Performance<\/a>\t\t\t<\/span>\n\t\t\t<span class=\"meta-sep\">|<\/span>\n\t\t\t\t<span class=\"comments-link\">\n\t\t\t<span>Comments Off<span class=\"screen-reader-text\"> on Robot Machina will visit the opera performance of the doll &#8220;Copp\u00e9lia&#8221; at the Vienna Volksoper<\/span><\/span>\t\t<\/span>\n\t\t\t<\/div>\n<\/div>\n<!-- \/\/ Post Wrap End -->\n\n<!-- NOTE: If you need to make changes to this file, copy it to your current theme's main\n\tdirectory so your changes won't be overwritten when the plugin is upgraded. -->\n\n<!-- Post Wrap Start-->\n<div class=\"post hentry ivycat-post\">\n\n\t<!-- \tThis outputs the post TITLE -->\n\t<h2 class=\"entry-title\"><a href=\"https:\/\/h-a-u-s.org\/index.php\/2018\/12\/12\/workshop-trust-in-robotic-systems-at-conference-technische-unterstuetzungssysteme-die-die-menschen-wirklich-wollen\/\">Workshop &#8220;Trust in Robotic Systems&#8221; at conference &#8220;Developing Support Technologies, Integrating Multiple Perspectives to Create Assistance that People Really Want&#8221;<\/a><\/h2>\n\n\t<!-- \tThis outputs the post EXCERPT.  To display full content including images and html,\n\t\treplace the_excerpt(); with the_content();  below. -->\n\t<div class=\"entry-summary\">\n\t\t<p>Workshop \u201eVertrauen in robotische Systeme\u201c Um mit robotischen Systemen in unmittelbarer N\u00e4he umzugehen, brauchen Menschen eine Art grundlegende Hypothese als Antizipation \u00fcber das zuk\u00fcnftige Verhalten dieser Systeme: Vertrauen. Wie kann&hellip;<\/p>\n\t<\/div>\n\n\t<!--\tThis outputs the post META information -->\n\t<div class=\"entry-utility\">\n\t\t\t\t\t<span class=\"cat-links\">\n\t\t\t\t<span class=\"entry-utility-prep entry-utility-prep-cat-links\">Posted in<\/span> <a href=\"https:\/\/h-a-u-s.org\/index.php\/category\/architecture\/\" rel=\"category tag\">Architecture<\/a>, <a href=\"https:\/\/h-a-u-s.org\/index.php\/category\/artificial-intelligence\/\" rel=\"category tag\">Artificial Intelligence<\/a>, <a href=\"https:\/\/h-a-u-s.org\/index.php\/category\/benjamin-stangl\/\" rel=\"category tag\">Benjamin Stangl<\/a>, <a href=\"https:\/\/h-a-u-s.org\/index.php\/category\/christoph-hubatschke\/\" rel=\"category tag\">Christoph Hubatschke<\/a>, <a href=\"https:\/\/h-a-u-s.org\/index.php\/category\/christoph-muller\/\" rel=\"category tag\">Christoph M\u00fcller<\/a>, <a href=\"https:\/\/h-a-u-s.org\/index.php\/category\/conference\/\" rel=\"category tag\">Conference<\/a>, <a href=\"https:\/\/h-a-u-s.org\/index.php\/category\/discourse\/\" rel=\"category tag\">Discourse<\/a>, <a href=\"https:\/\/h-a-u-s.org\/index.php\/category\/lecture\/\" rel=\"category tag\">Lecture<\/a>, <a href=\"https:\/\/h-a-u-s.org\/index.php\/category\/oliver-schurer\/\" rel=\"category tag\">Oliver Sch\u00fcrer<\/a>, <a href=\"https:\/\/h-a-u-s.org\/index.php\/category\/space-game\/\" rel=\"category tag\">Space-Game<\/a>\t\t\t<\/span>\n\t\t\t<span class=\"meta-sep\">|<\/span>\n\t\t\t\t\t\t\t<span class=\"tag-links\">\n\t\t\t\t<span class=\"entry-utility-prep entry-utility-prep-tag-links\">Tagged<\/span> <a href=\"https:\/\/h-a-u-s.org\/index.php\/tag\/benjamin-stangl\/\" rel=\"tag\">Benjamin Stangl<\/a>, <a href=\"https:\/\/h-a-u-s.org\/index.php\/tag\/christoph-hubatschke\/\" rel=\"tag\">Christoph Hubatschke<\/a>, <a href=\"https:\/\/h-a-u-s.org\/index.php\/tag\/christoph-muller\/\" rel=\"tag\">Christoph M\u00fcller<\/a>, <a href=\"https:\/\/h-a-u-s.org\/index.php\/tag\/oliver-schurer\/\" rel=\"tag\">Oliver Sch\u00fcrer<\/a>, <a href=\"https:\/\/h-a-u-s.org\/index.php\/tag\/space-game\/\" rel=\"tag\">space-game<\/a>\t\t\t<\/span>\n\t\t\t<span class=\"meta-sep\">|<\/span>\n\t\t\t\t<span class=\"comments-link\">\n\t\t\t<span>Comments Off<span class=\"screen-reader-text\"> on Workshop &#8220;Trust in Robotic Systems&#8221; at conference &#8220;Developing Support Technologies, Integrating Multiple Perspectives to Create Assistance that People Really Want&#8221;<\/span><\/span>\t\t<\/span>\n\t\t\t<\/div>\n<\/div>\n<!-- \/\/ Post Wrap End -->\n\n<!-- NOTE: If you need to make changes to this file, copy it to your current theme's main\n\tdirectory so your changes won't be overwritten when the plugin is upgraded. -->\n\n<!-- Post Wrap Start-->\n<div class=\"post hentry ivycat-post\">\n\n\t<!-- \tThis outputs the post TITLE -->\n\t<h2 class=\"entry-title\"><a href=\"https:\/\/h-a-u-s.org\/index.php\/2018\/04\/09\/long-night-of-research-13-4-2018\/\">Long Night of Research April 13, 2018<\/a><\/h2>\n\n\t<!-- \tThis outputs the post EXCERPT.  To display full content including images and html,\n\t\treplace the_excerpt(); with the_content();  below. -->\n\t<div class=\"entry-summary\">\n\t\t<p>How to tame your robot; play the space-game with the humanoid robot Pepper. Soon, humanoid robots will live together with us in everyday spaces. Architecture is fare from being prepared.&hellip;<\/p>\n\t<\/div>\n\n\t<!--\tThis outputs the post META information -->\n\t<div class=\"entry-utility\">\n\t\t\t\t\t<span class=\"cat-links\">\n\t\t\t\t<span class=\"entry-utility-prep entry-utility-prep-cat-links\">Posted in<\/span> <a href=\"https:\/\/h-a-u-s.org\/index.php\/category\/architecture\/\" rel=\"category tag\">Architecture<\/a>, <a href=\"https:\/\/h-a-u-s.org\/index.php\/category\/artificial-intelligence\/\" rel=\"category tag\">Artificial Intelligence<\/a>, <a href=\"https:\/\/h-a-u-s.org\/index.php\/category\/benjamin-stangl\/\" rel=\"category tag\">Benjamin Stangl<\/a>, <a href=\"https:\/\/h-a-u-s.org\/index.php\/category\/christoph-muller\/\" rel=\"category tag\">Christoph M\u00fcller<\/a>, <a href=\"https:\/\/h-a-u-s.org\/index.php\/category\/clara-haider\/\" rel=\"category tag\">Clara Haider<\/a>, <a href=\"https:\/\/h-a-u-s.org\/index.php\/category\/event\/\" rel=\"category tag\">Event<\/a>, <a href=\"https:\/\/h-a-u-s.org\/index.php\/category\/machina\/\" rel=\"category tag\">Machina<\/a>, <a href=\"https:\/\/h-a-u-s.org\/index.php\/category\/matthias-hirschmanner\/\" rel=\"category tag\">Matthias Hirschmanner<\/a>, <a href=\"https:\/\/h-a-u-s.org\/index.php\/category\/oliver-schurer\/\" rel=\"category tag\">Oliver Sch\u00fcrer<\/a>, <a href=\"https:\/\/h-a-u-s.org\/index.php\/category\/space-game\/\" rel=\"category tag\">Space-Game<\/a>\t\t\t<\/span>\n\t\t\t<span class=\"meta-sep\">|<\/span>\n\t\t\t\t\t\t\t<span class=\"tag-links\">\n\t\t\t\t<span class=\"entry-utility-prep entry-utility-prep-tag-links\">Tagged<\/span> <a href=\"https:\/\/h-a-u-s.org\/index.php\/tag\/asg\/\" rel=\"tag\">Architectural Space-Game (ASG)<\/a>, <a href=\"https:\/\/h-a-u-s.org\/index.php\/tag\/benjamin-stangl\/\" rel=\"tag\">Benjamin Stangl<\/a>, <a href=\"https:\/\/h-a-u-s.org\/index.php\/tag\/christoph-muller\/\" rel=\"tag\">Christoph M\u00fcller<\/a>, <a href=\"https:\/\/h-a-u-s.org\/index.php\/tag\/csm\/\" rel=\"tag\">Cultural Space-Model (CSM)<\/a>, <a href=\"https:\/\/h-a-u-s.org\/index.php\/tag\/oliver-schurer\/\" rel=\"tag\">Oliver Sch\u00fcrer<\/a>, <a href=\"https:\/\/h-a-u-s.org\/index.php\/tag\/prototyp\/\" rel=\"tag\">prototyp<\/a>, <a href=\"https:\/\/h-a-u-s.org\/index.php\/tag\/research\/\" rel=\"tag\">research<\/a>, <a href=\"https:\/\/h-a-u-s.org\/index.php\/tag\/space-game\/\" rel=\"tag\">space-game<\/a>\t\t\t<\/span>\n\t\t\t<span class=\"meta-sep\">|<\/span>\n\t\t\t\t<span class=\"comments-link\">\n\t\t\t<a href=\"https:\/\/h-a-u-s.org\/index.php\/2018\/04\/09\/long-night-of-research-13-4-2018\/#respond\">Leave a comment<\/a>\t\t<\/span>\n\t\t\t<\/div>\n<\/div>\n<!-- \/\/ Post Wrap End -->\n\n<!-- NOTE: If you need to make changes to this file, copy it to your current theme's main\n\tdirectory so your changes won't be overwritten when the plugin is upgraded. -->\n\n<!-- Post Wrap Start-->\n<div class=\"post hentry ivycat-post\">\n\n\t<!-- \tThis outputs the post TITLE -->\n\t<h2 class=\"entry-title\"><a href=\"https:\/\/h-a-u-s.org\/index.php\/2018\/01\/13\/paper-on-two-experiments-with-our-space-game-published\/\">Paper on two experiments with our AI &#8220;Spatial Model of Cultural Meaning&#8221; published in peer reviewed journal<\/a><\/h2>\n\n\t<!-- \tThis outputs the post EXCERPT.  To display full content including images and html,\n\t\treplace the_excerpt(); with the_content();  below. -->\n\t<div class=\"entry-summary\">\n\t\t<p>In autumn 2016 and spring 2017 we did experiments with larger groups of people to test our &#8220;Spatial Model of Cultural Meaning.&#8221; This is the first prototype of the model.&hellip;<\/p>\n\t<\/div>\n\n\t<!--\tThis outputs the post META information -->\n\t<div class=\"entry-utility\">\n\t\t\t\t\t<span class=\"cat-links\">\n\t\t\t\t<span class=\"entry-utility-prep entry-utility-prep-cat-links\">Posted in<\/span> <a href=\"https:\/\/h-a-u-s.org\/index.php\/category\/architecture\/\" rel=\"category tag\">Architecture<\/a>, <a href=\"https:\/\/h-a-u-s.org\/index.php\/category\/artificial-intelligence\/\" rel=\"category tag\">Artificial Intelligence<\/a>, <a href=\"https:\/\/h-a-u-s.org\/index.php\/category\/benjamin-stangl\/\" rel=\"category tag\">Benjamin Stangl<\/a>, <a href=\"https:\/\/h-a-u-s.org\/index.php\/category\/christoph-hubatschke\/\" rel=\"category tag\">Christoph Hubatschke<\/a>, <a href=\"https:\/\/h-a-u-s.org\/index.php\/category\/christoph-muller\/\" rel=\"category tag\">Christoph M\u00fcller<\/a>, <a href=\"https:\/\/h-a-u-s.org\/index.php\/category\/oliver-schurer\/\" rel=\"category tag\">Oliver Sch\u00fcrer<\/a>, <a href=\"https:\/\/h-a-u-s.org\/index.php\/category\/publications\/\" rel=\"category tag\">Publications<\/a>, <a href=\"https:\/\/h-a-u-s.org\/index.php\/category\/space-game\/\" rel=\"category tag\">Space-Game<\/a>\t\t\t<\/span>\n\t\t\t<span class=\"meta-sep\">|<\/span>\n\t\t\t\t\t\t\t<span class=\"tag-links\">\n\t\t\t\t<span class=\"entry-utility-prep entry-utility-prep-tag-links\">Tagged<\/span> <a href=\"https:\/\/h-a-u-s.org\/index.php\/tag\/benjamin-stangl\/\" rel=\"tag\">Benjamin Stangl<\/a>, <a href=\"https:\/\/h-a-u-s.org\/index.php\/tag\/christoph-hubatschke\/\" rel=\"tag\">Christoph Hubatschke<\/a>, <a href=\"https:\/\/h-a-u-s.org\/index.php\/tag\/christoph-muller\/\" rel=\"tag\">Christoph M\u00fcller<\/a>, <a href=\"https:\/\/h-a-u-s.org\/index.php\/tag\/cultural-robotics\/\" rel=\"tag\">cultural robotics<\/a>, <a href=\"https:\/\/h-a-u-s.org\/index.php\/tag\/csm\/\" rel=\"tag\">Cultural Space-Model (CSM)<\/a>, <a href=\"https:\/\/h-a-u-s.org\/index.php\/tag\/hri\/\" rel=\"tag\">HRI<\/a>, <a href=\"https:\/\/h-a-u-s.org\/index.php\/tag\/oliver-schurer\/\" rel=\"tag\">Oliver Sch\u00fcrer<\/a>, <a href=\"https:\/\/h-a-u-s.org\/index.php\/tag\/research\/\" rel=\"tag\">research<\/a>, <a href=\"https:\/\/h-a-u-s.org\/index.php\/tag\/space-game\/\" rel=\"tag\">space-game<\/a>\t\t\t<\/span>\n\t\t\t<span class=\"meta-sep\">|<\/span>\n\t\t\t\t<span class=\"comments-link\">\n\t\t\t<a href=\"https:\/\/h-a-u-s.org\/index.php\/2018\/01\/13\/paper-on-two-experiments-with-our-space-game-published\/#respond\">Leave a comment<\/a>\t\t<\/span>\n\t\t\t<\/div>\n<\/div>\n<!-- \/\/ Post Wrap End -->\n\n<!-- NOTE: If you need to make changes to this file, copy it to your current theme's main\n\tdirectory so your changes won't be overwritten when the plugin is upgraded. -->\n\n<!-- Post Wrap Start-->\n<div class=\"post hentry ivycat-post\">\n\n\t<!-- \tThis outputs the post TITLE -->\n\t<h2 class=\"entry-title\"><a href=\"https:\/\/h-a-u-s.org\/index.php\/2017\/07\/27\/the-taming-of-the-humanoid-des-humanoiden-zahmung\/\">The Taming of the Humanoid &#8211; Des Humanoiden Z\u00e4hmung<\/a><\/h2>\n\n\t<!-- \tThis outputs the post EXCERPT.  To display full content including images and html,\n\t\treplace the_excerpt(); with the_content();  below. -->\n\t<div class=\"entry-summary\">\n\t\t<p>Des Humanoiden Z\u00e4hmung Forschungsinhalt ist, ein kulturelles Konzept von Raum zu entwickeln, das Roboter und K\u00fcnstliche Intelligenz in denselben Bedeutungskontext wie uns Menschen involviert. Unser Konzept ist dabei die reziproke&hellip;<\/p>\n\t<\/div>\n\n\t<!--\tThis outputs the post META information -->\n\t<div class=\"entry-utility\">\n\t\t\t\t\t<span class=\"cat-links\">\n\t\t\t\t<span class=\"entry-utility-prep entry-utility-prep-cat-links\">Posted in<\/span> <a href=\"https:\/\/h-a-u-s.org\/index.php\/category\/architecture\/\" rel=\"category tag\">Architecture<\/a>, <a href=\"https:\/\/h-a-u-s.org\/index.php\/category\/art\/\" rel=\"category tag\">Art<\/a>, <a href=\"https:\/\/h-a-u-s.org\/index.php\/category\/artificial-intelligence\/\" rel=\"category tag\">Artificial Intelligence<\/a>, <a href=\"https:\/\/h-a-u-s.org\/index.php\/category\/benjamin-stangl\/\" rel=\"category tag\">Benjamin Stangl<\/a>, <a href=\"https:\/\/h-a-u-s.org\/index.php\/category\/christoph-hubatschke\/\" rel=\"category tag\">Christoph Hubatschke<\/a>, <a href=\"https:\/\/h-a-u-s.org\/index.php\/category\/christoph-muller\/\" rel=\"category tag\">Christoph M\u00fcller<\/a>, <a href=\"https:\/\/h-a-u-s.org\/index.php\/category\/conference\/\" rel=\"category tag\">Conference<\/a>, <a href=\"https:\/\/h-a-u-s.org\/index.php\/category\/discourse\/\" rel=\"category tag\">Discourse<\/a>, <a href=\"https:\/\/h-a-u-s.org\/index.php\/category\/event\/\" rel=\"category tag\">Event<\/a>, <a href=\"https:\/\/h-a-u-s.org\/index.php\/category\/oliver-schurer\/\" rel=\"category tag\">Oliver Sch\u00fcrer<\/a>, <a href=\"https:\/\/h-a-u-s.org\/index.php\/category\/space-game\/\" rel=\"category tag\">Space-Game<\/a>, <a href=\"https:\/\/h-a-u-s.org\/index.php\/category\/uncategorized\/\" rel=\"category tag\">Uncategorized<\/a>\t\t\t<\/span>\n\t\t\t<span class=\"meta-sep\">|<\/span>\n\t\t\t\t\t\t\t<span class=\"tag-links\">\n\t\t\t\t<span class=\"entry-utility-prep entry-utility-prep-tag-links\">Tagged<\/span> <a href=\"https:\/\/h-a-u-s.org\/index.php\/tag\/asg\/\" rel=\"tag\">Architectural Space-Game (ASG)<\/a>, <a href=\"https:\/\/h-a-u-s.org\/index.php\/tag\/benjamin-stangl\/\" rel=\"tag\">Benjamin Stangl<\/a>, <a href=\"https:\/\/h-a-u-s.org\/index.php\/tag\/christoph-hubatschke\/\" rel=\"tag\">Christoph Hubatschke<\/a>, <a href=\"https:\/\/h-a-u-s.org\/index.php\/tag\/christoph-muller\/\" rel=\"tag\">Christoph M\u00fcller<\/a>, <a href=\"https:\/\/h-a-u-s.org\/index.php\/tag\/csm\/\" rel=\"tag\">Cultural Space-Model (CSM)<\/a>, <a href=\"https:\/\/h-a-u-s.org\/index.php\/tag\/oliver-schurer\/\" rel=\"tag\">Oliver Sch\u00fcrer<\/a>, <a href=\"https:\/\/h-a-u-s.org\/index.php\/tag\/space-game\/\" rel=\"tag\">space-game<\/a>\t\t\t<\/span>\n\t\t\t<span class=\"meta-sep\">|<\/span>\n\t\t\t\t<span class=\"comments-link\">\n\t\t\t<a href=\"https:\/\/h-a-u-s.org\/index.php\/2017\/07\/27\/the-taming-of-the-humanoid-des-humanoiden-zahmung\/#respond\">Leave a comment<\/a>\t\t<\/span>\n\t\t\t<\/div>\n<\/div>\n<!-- \/\/ Post Wrap End -->\n\n","protected":false},"excerpt":{"rendered":"<p>Biography Benjamin Stangl studied architecture at McGill University and the Vienna University of Technology where he\u00a0graduated with distinction in Master of\u00a0Building Science and Technology (2010) and in Master of\u00a0Architecture (2013).&hellip;<\/p>\n","protected":false},"author":2,"featured_media":0,"parent":24,"menu_order":0,"comment_status":"open","ping_status":"closed","template":"","meta":{"footnotes":""},"class_list":["post-36","page","type-page","status-publish","hentry"],"_links":{"self":[{"href":"https:\/\/h-a-u-s.org\/index.php\/wp-json\/wp\/v2\/pages\/36","targetHints":{"allow":["GET"]}}],"collection":[{"href":"https:\/\/h-a-u-s.org\/index.php\/wp-json\/wp\/v2\/pages"}],"about":[{"href":"https:\/\/h-a-u-s.org\/index.php\/wp-json\/wp\/v2\/types\/page"}],"author":[{"embeddable":true,"href":"https:\/\/h-a-u-s.org\/index.php\/wp-json\/wp\/v2\/users\/2"}],"replies":[{"embeddable":true,"href":"https:\/\/h-a-u-s.org\/index.php\/wp-json\/wp\/v2\/comments?post=36"}],"version-history":[{"count":5,"href":"https:\/\/h-a-u-s.org\/index.php\/wp-json\/wp\/v2\/pages\/36\/revisions"}],"predecessor-version":[{"id":1583,"href":"https:\/\/h-a-u-s.org\/index.php\/wp-json\/wp\/v2\/pages\/36\/revisions\/1583"}],"up":[{"embeddable":true,"href":"https:\/\/h-a-u-s.org\/index.php\/wp-json\/wp\/v2\/pages\/24"}],"wp:attachment":[{"href":"https:\/\/h-a-u-s.org\/index.php\/wp-json\/wp\/v2\/media?parent=36"}],"curies":[{"name":"wp","href":"https:\/\/api.w.org\/{rel}","templated":true}]}}