{"id":3004,"date":"2024-06-11T13:58:23","date_gmt":"2024-06-11T13:58:23","guid":{"rendered":"https:\/\/h-a-u-s.org\/?page_id=3004"},"modified":"2024-06-11T18:15:27","modified_gmt":"2024-06-11T18:15:27","slug":"sridhar-bulusu","status":"publish","type":"page","link":"https:\/\/h-a-u-s.org\/index.php\/team\/sridhar-bulusu\/","title":{"rendered":"Sridhar Bulusu"},"content":{"rendered":"\n<figure class=\"wp-block-image size-full\"><img loading=\"lazy\" decoding=\"async\" width=\"200\" height=\"200\" src=\"https:\/\/h-a-u-s.org\/wp-content\/uploads\/2024\/06\/Sridhar.jpg\" alt=\"\" class=\"wp-image-3024\" srcset=\"https:\/\/h-a-u-s.org\/wp-content\/uploads\/2024\/06\/Sridhar.jpg 200w, https:\/\/h-a-u-s.org\/wp-content\/uploads\/2024\/06\/Sridhar-150x150.jpg 150w\" sizes=\"auto, (max-width: 200px) 100vw, 200px\" \/><\/figure>\n\n\n\n<p>Sridhar Bulusu is a graduate in Electrical and Electronic Engineering from Imperial College London and a graduate in physics from the University of Vienna. His master thesis in EEE was about a numerical algorithm for finding all roots of a system of polynomial\u00a0equations, his bachelor thesis in Physics was about the geometry of 2-qubit states and his master thesis on the application of Neural Evolution of Augmenting Topologies for finding swimming strategies of microswimmers in low Reynolds number settings. Sridhar joined our team in 2021 and was responsible for programming the sensors along with the Neural Style Transfer Algorithm for generating new dance motion sequences.<\/p>\n\n\n\n<!-- NOTE: If you need to make changes to this file, copy it to your current theme's main\n\tdirectory so your changes won't be overwritten when the plugin is upgraded. -->\n\n<!-- Post Wrap Start-->\n<div class=\"post hentry ivycat-post\">\n\n\t<!-- \tThis outputs the post TITLE -->\n\t<h2 class=\"entry-title\"><a href=\"https:\/\/h-a-u-s.org\/index.php\/2024\/05\/24\/buchprasentation-von-youai-train-adapt-perform-apero-musette-imagine-kunstliche-intelligenz-und-das-mogliche\/\">Buchpr\u00e4sentation von &#8220;youAI: train, adapt, perform&#8221; @ apero musette &#8211; \u201eImagine &#8230; K\u00fcnstliche Intelligenz und das M\u00f6gliche\u201c<\/a><\/h2>\n\n\t<!-- \tThis outputs the post EXCERPT.  To display full content including images and html,\n\t\treplace the_excerpt(); with the_content();  below. -->\n\t<div class=\"entry-summary\">\n\t\t<p>apero musette steht f\u00fcr Essen von feinen franz\u00f6sischen Kleinigkeiten und dazu feine Getr\u00e4nke schl\u00fcrfen.&nbsp; Apero &amp; Buchpr\u00e4sentation 20.6.2024, 18-20h @ Musette, Westbahnstra\u00dfe 50, 1070 Wien.(Eintritt frei, u.A.w.g. musette@musetteshop.com)&nbsp; Die Buchpr\u00e4sentation&hellip;<\/p>\n\t<\/div>\n\n\t<!--\tThis outputs the post META information -->\n\t<div class=\"entry-utility\">\n\t\t\t\t\t<span class=\"cat-links\">\n\t\t\t\t<span class=\"entry-utility-prep entry-utility-prep-cat-links\">Posted in<\/span> <a href=\"https:\/\/h-a-u-s.org\/index.php\/category\/artarchitecture\/\" rel=\"category tag\">Art&amp;Architecture<\/a>, <a href=\"https:\/\/h-a-u-s.org\/index.php\/category\/artificial-intelligence\/\" rel=\"category tag\">Artificial Intelligence<\/a>, <a href=\"https:\/\/h-a-u-s.org\/index.php\/category\/brigitte-krenn-ofai\/\" rel=\"category tag\">Brigitte Krenn (OFAI)<\/a>, <a href=\"https:\/\/h-a-u-s.org\/index.php\/category\/christoph-hubatschke\/\" rel=\"category tag\">Christoph Hubatschke<\/a>, <a href=\"https:\/\/h-a-u-s.org\/index.php\/category\/eva-maria-kraft\/\" rel=\"category tag\">Eva-Maria Kraft<\/a>, <a href=\"https:\/\/h-a-u-s.org\/index.php\/category\/sridhar-bulusu\/\" rel=\"category tag\">Sridhar Bulusu<\/a>\t\t\t<\/span>\n\t\t\t<span class=\"meta-sep\">|<\/span>\n\t\t\t\t\t\t\t<span class=\"tag-links\">\n\t\t\t\t<span class=\"entry-utility-prep entry-utility-prep-tag-links\">Tagged<\/span> <a href=\"https:\/\/h-a-u-s.org\/index.php\/tag\/christoph-hubatschke\/\" rel=\"tag\">Christoph Hubatschke<\/a>, <a href=\"https:\/\/h-a-u-s.org\/index.php\/tag\/eva-maria-kraft\/\" rel=\"tag\">Eva-Maria Kraft<\/a>, <a href=\"https:\/\/h-a-u-s.org\/index.php\/tag\/oliver-schurer\/\" rel=\"tag\">Oliver Sch\u00fcrer<\/a>\t\t\t<\/span>\n\t\t\t<span class=\"meta-sep\">|<\/span>\n\t\t\t\t<span class=\"comments-link\">\n\t\t\t<span>Comments Off<span class=\"screen-reader-text\"> on Buchpr\u00e4sentation von &#8220;youAI: train, adapt, perform&#8221; @ apero musette &#8211; \u201eImagine &#8230; K\u00fcnstliche Intelligenz und das M\u00f6gliche\u201c<\/span><\/span>\t\t<\/span>\n\t\t\t<\/div>\n<\/div>\n<!-- \/\/ Post Wrap End -->\n\n<!-- NOTE: If you need to make changes to this file, copy it to your current theme's main\n\tdirectory so your changes won't be overwritten when the plugin is upgraded. -->\n\n<!-- Post Wrap Start-->\n<div class=\"post hentry ivycat-post\">\n\n\t<!-- \tThis outputs the post TITLE -->\n\t<h2 class=\"entry-title\"><a href=\"https:\/\/h-a-u-s.org\/index.php\/2023\/10\/31\/project-dancr-and-dancr-tool-accomplished\/\">DANCR-tool; research &amp; development of 2 generative AIs and data-production for individual artists, to let robots improvise contemporary dance.<\/a><\/h2>\n\n\t<!-- \tThis outputs the post EXCERPT.  To display full content including images and html,\n\t\treplace the_excerpt(); with the_content();  below. -->\n\t<div class=\"entry-summary\">\n\t\t<p>Video transcript, extended Briefly, the DANCR-tool is &#8230; &#8230; a new tool including our improvAI and transferAI for 1) dance and improvisation in contemporary dance as well as 2) setup&hellip;<\/p>\n\t<\/div>\n\n\t<!--\tThis outputs the post META information -->\n\t<div class=\"entry-utility\">\n\t\t\t\t\t<span class=\"cat-links\">\n\t\t\t\t<span class=\"entry-utility-prep entry-utility-prep-cat-links\">Posted in<\/span> <a href=\"https:\/\/h-a-u-s.org\/index.php\/category\/artarchitecture\/\" rel=\"category tag\">Art&amp;Architecture<\/a>, <a href=\"https:\/\/h-a-u-s.org\/index.php\/category\/artificial-intelligence\/\" rel=\"category tag\">Artificial Intelligence<\/a>, <a href=\"https:\/\/h-a-u-s.org\/index.php\/category\/brigitte-krenn-ofai\/\" rel=\"category tag\">Brigitte Krenn (OFAI)<\/a>, <a href=\"https:\/\/h-a-u-s.org\/index.php\/category\/christoph-hubatschke\/\" rel=\"category tag\">Christoph Hubatschke<\/a>, <a href=\"https:\/\/h-a-u-s.org\/index.php\/category\/clara-haider\/\" rel=\"category tag\">Clara Haider<\/a>, <a href=\"https:\/\/h-a-u-s.org\/index.php\/category\/darja-stoeva\/\" rel=\"category tag\">Darja Stoeva<\/a>, <a href=\"https:\/\/h-a-u-s.org\/index.php\/category\/eva-maria-kraft\/\" rel=\"category tag\">Eva-Maria Kraft<\/a>, <a href=\"https:\/\/h-a-u-s.org\/index.php\/category\/hri\/\" rel=\"category tag\">HRi<\/a>, <a href=\"https:\/\/h-a-u-s.org\/index.php\/category\/machina\/\" rel=\"category tag\">Machina<\/a>, <a href=\"https:\/\/h-a-u-s.org\/index.php\/category\/maria-musner\/\" rel=\"category tag\">Maria Mu\u00dfner<\/a>, <a href=\"https:\/\/h-a-u-s.org\/index.php\/category\/ofai\/\" rel=\"category tag\">OFAI<\/a>, <a href=\"https:\/\/h-a-u-s.org\/index.php\/category\/oliver-schurer\/\" rel=\"category tag\">Oliver Sch\u00fcrer<\/a>, <a href=\"https:\/\/h-a-u-s.org\/index.php\/category\/sridhar-bulusu\/\" rel=\"category tag\">Sridhar Bulusu<\/a>\t\t\t<\/span>\n\t\t\t<span class=\"meta-sep\">|<\/span>\n\t\t\t\t\t\t\t<span class=\"tag-links\">\n\t\t\t\t<span class=\"entry-utility-prep entry-utility-prep-tag-links\">Tagged<\/span> <a href=\"https:\/\/h-a-u-s.org\/index.php\/tag\/christoph-hubatschke\/\" rel=\"tag\">Christoph Hubatschke<\/a>, <a href=\"https:\/\/h-a-u-s.org\/index.php\/tag\/darja-stoeva\/\" rel=\"tag\">Darja Stoeva<\/a>, <a href=\"https:\/\/h-a-u-s.org\/index.php\/tag\/eva-maria-kraft\/\" rel=\"tag\">Eva-Maria Kraft<\/a>, <a href=\"https:\/\/h-a-u-s.org\/index.php\/tag\/oliver-schurer\/\" rel=\"tag\">Oliver Sch\u00fcrer<\/a>\t\t\t<\/span>\n\t\t\t<span class=\"meta-sep\">|<\/span>\n\t\t\t\t<span class=\"comments-link\">\n\t\t\t<span>Comments Off<span class=\"screen-reader-text\"> on DANCR-tool; research &amp; development of 2 generative AIs and data-production for individual artists, to let robots improvise contemporary dance.<\/span><\/span>\t\t<\/span>\n\t\t\t<\/div>\n<\/div>\n<!-- \/\/ Post Wrap End -->\n\n","protected":false},"excerpt":{"rendered":"<p>Sridhar Bulusu is a graduate in Electrical and Electronic Engineering from Imperial College London and a graduate in physics from the University of Vienna. His master thesis in EEE was&hellip;<\/p>\n","protected":false},"author":2,"featured_media":0,"parent":24,"menu_order":0,"comment_status":"closed","ping_status":"closed","template":"","meta":{"footnotes":""},"class_list":["post-3004","page","type-page","status-publish","hentry"],"_links":{"self":[{"href":"https:\/\/h-a-u-s.org\/index.php\/wp-json\/wp\/v2\/pages\/3004","targetHints":{"allow":["GET"]}}],"collection":[{"href":"https:\/\/h-a-u-s.org\/index.php\/wp-json\/wp\/v2\/pages"}],"about":[{"href":"https:\/\/h-a-u-s.org\/index.php\/wp-json\/wp\/v2\/types\/page"}],"author":[{"embeddable":true,"href":"https:\/\/h-a-u-s.org\/index.php\/wp-json\/wp\/v2\/users\/2"}],"replies":[{"embeddable":true,"href":"https:\/\/h-a-u-s.org\/index.php\/wp-json\/wp\/v2\/comments?post=3004"}],"version-history":[{"count":2,"href":"https:\/\/h-a-u-s.org\/index.php\/wp-json\/wp\/v2\/pages\/3004\/revisions"}],"predecessor-version":[{"id":3025,"href":"https:\/\/h-a-u-s.org\/index.php\/wp-json\/wp\/v2\/pages\/3004\/revisions\/3025"}],"up":[{"embeddable":true,"href":"https:\/\/h-a-u-s.org\/index.php\/wp-json\/wp\/v2\/pages\/24"}],"wp:attachment":[{"href":"https:\/\/h-a-u-s.org\/index.php\/wp-json\/wp\/v2\/media?parent=3004"}],"curies":[{"name":"wp","href":"https:\/\/api.w.org\/{rel}","templated":true}]}}