{"id":2205,"date":"2021-02-02T16:14:01","date_gmt":"2021-02-02T16:14:01","guid":{"rendered":"https:\/\/h-a-u-s.org\/?page_id=2205"},"modified":"2024-06-05T14:25:57","modified_gmt":"2024-06-05T14:25:57","slug":"the-space-game-ai-die-raum-spiel-ki","status":"publish","type":"page","link":"https:\/\/h-a-u-s.org\/index.php\/the-space-game-ai-die-raum-spiel-ki\/","title":{"rendered":"Space-game AI, collection of posts"},"content":{"rendered":"\n<p>collection of all the posts on our blog, covering the Space-Game AI to generate individual cultural models of space. <\/p>\n\n\n\n<p class=\"has-cyan-bluish-gray-color has-text-color\">(Deutscher Text unten)<\/p>\n\n\n\n<p><strong>The Space-Game AI<\/strong>, Human-Robot Interaction project<\/p>\n\n\n\n<figure class=\"wp-block-embed is-type-video is-provider-youtube wp-block-embed-youtube wp-embed-aspect-16-9 wp-has-aspect-ratio\"><div class=\"wp-block-embed__wrapper\">\n<iframe loading=\"lazy\" title=\"SPACE GAME by HAUS research\" width=\"317\" height=\"178\" src=\"https:\/\/www.youtube.com\/embed\/0CTcWxjhuzo?feature=oembed\" frameborder=\"0\" allow=\"accelerometer; autoplay; clipboard-write; encrypted-media; gyroscope; picture-in-picture; web-share\" referrerpolicy=\"strict-origin-when-cross-origin\" allowfullscreen><\/iframe>\n<\/div><figcaption class=\"wp-element-caption\">Space-Game, summer 2020 public Vienna<\/figcaption><\/figure>\n\n\n\n<p>A humanoid robot is the communicative interface to our artificial intelligence. The robot asks people about the shared space and the answers are learned by the AI. Humans and robots interact naturally-linguistically and non-verbally. We call this playful interaction a space game. The AI develops a model of the human living space from this. <\/p>\n\n\n\n<p>Challenge: <br>\nIn humans and technical devices we speak of &#8220;perception systems&#8221;. But that elegantly obscures their essential differences. Technical devices such as robots obtain information about the human habitat in the form of numbers, geometries and images. In our human perception, however, information is full of personal and cultural meaning, so robots do not act in our human reality. This is particularly problematic in human-robot interaction in nursing, where the well-being of vulnerable people is exposed to the action of powerful robots. <\/p>\n\n\n\n<p>Aim: <br>\nWe are developing an artificial intelligence that can learn the human meanings of spaces. The proof of concept has shown that our machine learning system generates a spatial model of cultural, human meanings. This spatial model enables a robot to interact in living spaces in a way that is meaningful for an individual human being. In everyday life, this AI will serve to adapt robotic functions to individual human needs. <\/p>\n\n\n\n<figure class=\"wp-block-image\"><img loading=\"lazy\" decoding=\"async\" width=\"1024\" height=\"576\" src=\"https:\/\/h-a-u-s.org\/wp-content\/uploads\/2021\/02\/space-game-2020-1024x576.png\" alt=\"\" class=\"wp-image-2237\" srcset=\"https:\/\/h-a-u-s.org\/wp-content\/uploads\/2021\/02\/space-game-2020-1024x576.png 1024w, https:\/\/h-a-u-s.org\/wp-content\/uploads\/2021\/02\/space-game-2020-300x169.png 300w, https:\/\/h-a-u-s.org\/wp-content\/uploads\/2021\/02\/space-game-2020-768x432.png 768w, https:\/\/h-a-u-s.org\/wp-content\/uploads\/2021\/02\/space-game-2020.png 1920w\" sizes=\"auto, (max-width: 1024px) 100vw, 1024px\" \/><figcaption class=\"wp-element-caption\">Space-Game summer 2020, Vienna (stills from trailer)<\/figcaption><\/figure>\n\n\n\n<figure class=\"wp-block-image\"><img loading=\"lazy\" decoding=\"async\" width=\"1024\" height=\"576\" src=\"https:\/\/h-a-u-s.org\/wp-content\/uploads\/2021\/02\/raum-spiel2-1024x576.png\" alt=\"\" class=\"wp-image-2210\" srcset=\"https:\/\/h-a-u-s.org\/wp-content\/uploads\/2021\/02\/raum-spiel2-1024x576.png 1024w, https:\/\/h-a-u-s.org\/wp-content\/uploads\/2021\/02\/raum-spiel2-300x169.png 300w, https:\/\/h-a-u-s.org\/wp-content\/uploads\/2021\/02\/raum-spiel2-768x432.png 768w, https:\/\/h-a-u-s.org\/wp-content\/uploads\/2021\/02\/raum-spiel2.png 1920w\" sizes=\"auto, (max-width: 1024px) 100vw, 1024px\" \/><\/figure>\n\n\n\n<p><strong>Die Raum-Spiel KI, <\/strong>ein Human-Robot Interaction Projekt <\/p>\n\n\n\n<figure class=\"wp-block-embed is-type-video is-provider-youtube wp-block-embed-youtube wp-embed-aspect-16-9 wp-has-aspect-ratio\"><div class=\"wp-block-embed__wrapper\">\n<iframe loading=\"lazy\" title=\"RAUM SPIEL by HAUS research\" width=\"317\" height=\"178\" src=\"https:\/\/www.youtube.com\/embed\/gJ97bUff1_E?feature=oembed\" frameborder=\"0\" allow=\"accelerometer; autoplay; clipboard-write; encrypted-media; gyroscope; picture-in-picture; web-share\" referrerpolicy=\"strict-origin-when-cross-origin\" allowfullscreen><\/iframe>\n<\/div><figcaption class=\"wp-element-caption\">Space-Game, summer 2020, Vienna<\/figcaption><\/figure>\n\n\n\n<p>Ein humanoider Roboter ist die kommunikative Schnittstelle zu unserer k\u00fcnstlichen Intelligenz. Der Roboter befragt Menschen \u00fcber den gemeinsamen Raum, die Antworten werden von der KI gelernt. Mensch und Roboter interagieren dabei nat\u00fcrlich-sprachig und non-verbal. Diese spielerische Interaktion nennen wir Raum-Spiel. Die KI entwickelt daraus ein Modell des menschlichen Lebensraums. <\/p>\n\n\n\n<p>Herausforderung: <br>\nBei Menschen und technischen Ger\u00e4ten spricht man von \u201cWahrnehmungssystemen\u201d. Aber das verschleiert elegant ihre essentiellen Unterschiede. Technische Ger\u00e4te wie Roboter beziehen Informationen \u00fcber den menschlichen Lebensraum in Form von Zahlen,  Geometrieen und Bildern. In unserer menschlichen Wahrnehmung hingegen, ist Information voller pers\u00f6nlicher und kultureller Bedeutung, deshalb agieren Roboter nicht in unserer menschlichen Realit\u00e4t. Dies ist besonders bei Mensch-Roboter Interaktion in der Pflege problematisch, wo das Wohl von verletzlichen Menschen dem Agieren von wirkm\u00e4chtigen Robotern ausgesetzt ist. <\/p>\n\n\n\n<p>Ziel: <br>\nWir entwickeln eine k\u00fcnstliche Intelligenz die menschliche Bedeutungen von R\u00e4umen erlernen kann. Der Proof of Concept hat gezeigt, dass unsere Machine-Learning-System ein r\u00e4umliches Modell von kulturellen, menschlichen Bedeutungen generiert. Dieses Raummodell erm\u00f6glich einem Roboter, auf f\u00fcr einen individuellen Menschen bedeutsame Weise, in Lebensr\u00e4umen zu interagieren. Im Alltag wird diese KI der Anpassung robotischer Funktionen an individuelle menschliche Bed\u00fcrfnisse dienen. <\/p>\n\n\n\n<figure class=\"wp-block-image\"><img loading=\"lazy\" decoding=\"async\" width=\"1024\" height=\"576\" src=\"https:\/\/h-a-u-s.org\/wp-content\/uploads\/2021\/02\/raum-spiel3-1024x576.png\" alt=\"\" class=\"wp-image-2211\" srcset=\"https:\/\/h-a-u-s.org\/wp-content\/uploads\/2021\/02\/raum-spiel3-1024x576.png 1024w, https:\/\/h-a-u-s.org\/wp-content\/uploads\/2021\/02\/raum-spiel3-300x169.png 300w, https:\/\/h-a-u-s.org\/wp-content\/uploads\/2021\/02\/raum-spiel3-768x432.png 768w, https:\/\/h-a-u-s.org\/wp-content\/uploads\/2021\/02\/raum-spiel3.png 1920w\" sizes=\"auto, (max-width: 1024px) 100vw, 1024px\" \/><figcaption class=\"wp-element-caption\">Raum-Spiel Sommer 2020, (Bilder aus Trailer)<\/figcaption><\/figure>\n\n\n\n<p>All posts about the space-game on the H.A.U.S. blog:<br>Alle Posts zum Raum-Spiel am H.A.U.S. Blog: <br><a rel=\"noreferrer noopener\" href=\"https:\/\/h-a-u-s.org\/index.php\/category\/space-game\/\" target=\"_blank\">https:\/\/h-a-u-s.org\/index.php\/category\/space-game\/<\/a><\/p>\n\n\n\n<p><\/p>\n","protected":false},"excerpt":{"rendered":"<p>collection of all the posts on our blog, covering the Space-Game AI to generate individual cultural models of space. (Deutscher Text unten) The Space-Game AI, Human-Robot Interaction project A humanoid&hellip;<\/p>\n","protected":false},"author":2,"featured_media":2211,"parent":0,"menu_order":0,"comment_status":"closed","ping_status":"closed","template":"","meta":{"footnotes":""},"class_list":["post-2205","page","type-page","status-publish","has-post-thumbnail","hentry"],"_links":{"self":[{"href":"https:\/\/h-a-u-s.org\/index.php\/wp-json\/wp\/v2\/pages\/2205","targetHints":{"allow":["GET"]}}],"collection":[{"href":"https:\/\/h-a-u-s.org\/index.php\/wp-json\/wp\/v2\/pages"}],"about":[{"href":"https:\/\/h-a-u-s.org\/index.php\/wp-json\/wp\/v2\/types\/page"}],"author":[{"embeddable":true,"href":"https:\/\/h-a-u-s.org\/index.php\/wp-json\/wp\/v2\/users\/2"}],"replies":[{"embeddable":true,"href":"https:\/\/h-a-u-s.org\/index.php\/wp-json\/wp\/v2\/comments?post=2205"}],"version-history":[{"count":22,"href":"https:\/\/h-a-u-s.org\/index.php\/wp-json\/wp\/v2\/pages\/2205\/revisions"}],"predecessor-version":[{"id":2981,"href":"https:\/\/h-a-u-s.org\/index.php\/wp-json\/wp\/v2\/pages\/2205\/revisions\/2981"}],"wp:featuredmedia":[{"embeddable":true,"href":"https:\/\/h-a-u-s.org\/index.php\/wp-json\/wp\/v2\/media\/2211"}],"wp:attachment":[{"href":"https:\/\/h-a-u-s.org\/index.php\/wp-json\/wp\/v2\/media?parent=2205"}],"curies":[{"name":"wp","href":"https:\/\/api.w.org\/{rel}","templated":true}]}}